{"id":171,"date":"2018-04-08T15:50:48","date_gmt":"2018-04-08T13:50:48","guid":{"rendered":"http:\/\/desinvolte-design.fr\/?page_id=171"},"modified":"2021-02-10T19:51:30","modified_gmt":"2021-02-10T18:51:30","slug":"esprit-coiffeuse-console-basse","status":"publish","type":"page","link":"https:\/\/desinvolte-design.fr\/index.php\/esprit-coiffeuse-console-basse\/","title":{"rendered":"Console basse"},"content":{"rendered":"\n[et_pb_section fb_built=\u00a0\u00bb1&Prime; admin_label=\u00a0\u00bbsection\u00a0\u00bb _builder_version=\u00a0\u00bb3.22&Prime; custom_padding=\u00a0\u00bb26px|0px|11px|0px\u00a0\u00bb][et_pb_row _builder_version=\u00a0\u00bb3.25&Prime; custom_padding=\u00a0\u00bb0|0px|4px|0px\u00a0\u00bb][et_pb_column type=\u00a0\u00bb4_4&Prime; _builder_version=\u00a0\u00bb3.25&Prime; custom_padding=\u00a0\u00bb|||\u00a0\u00bb custom_padding__hover=\u00a0\u00bb|||\u00a0\u00bb][et_pb_text _builder_version=\u00a0\u00bb3.27.4&Prime;]<p style=\"text-align: center;\"><span color=\"#000000\" style=\"color: #000000;\"><span style=\"font-size: 24px;\"><b>Franck II<\/b><\/span><\/span><\/p>[\/et_pb_text][\/et_pb_column][\/et_pb_row][et_pb_row _builder_version=\u00a0\u00bb3.25&Prime; custom_padding=\u00a0\u00bb8px|0px|0|0px\u00a0\u00bb][et_pb_column type=\u00a0\u00bb4_4&Prime; _builder_version=\u00a0\u00bb3.25&Prime; custom_padding=\u00a0\u00bb|||\u00a0\u00bb custom_padding__hover=\u00a0\u00bb|||\u00a0\u00bb][et_pb_divider color=\u00a0\u00bb#000000&Prime; _builder_version=\u00a0\u00bb4.7.7&Prime; hover_enabled=\u00a0\u00bb0&Prime; sticky_enabled=\u00a0\u00bb0&Prime;][\/et_pb_divider][\/et_pb_column][\/et_pb_row][et_pb_row column_structure=\u00a0\u00bb1_2,1_2&Prime; admin_label=\u00a0\u00bbrow\u00a0\u00bb _builder_version=\u00a0\u00bb3.25&Prime; background_size=\u00a0\u00bbinitial\u00a0\u00bb background_position=\u00a0\u00bbtop_left\u00a0\u00bb background_repeat=\u00a0\u00bbrepeat\u00a0\u00bb custom_padding=\u00a0\u00bb0|0px|5px|0px\u00a0\u00bb][et_pb_column type=\u00a0\u00bb1_2&Prime; _builder_version=\u00a0\u00bb3.25&Prime; custom_padding=\u00a0\u00bb|||\u00a0\u00bb custom_padding__hover=\u00a0\u00bb|||\u00a0\u00bb][et_pb_image src=\u00a0\u00bbhttp:\/\/desinvolte-design.fr\/wp-content\/uploads\/2018\/04\/console-basse-dor\u00e9e-noire-recadree.jpg\u00a0\u00bb align_tablet=\u00a0\u00bbcenter\u00a0\u00bb align_phone=\u00a0\u00bb\u00a0\u00bb align_last_edited=\u00a0\u00bbon|desktop\u00a0\u00bb _builder_version=\u00a0\u00bb3.23&Prime; max_width=\u00a0\u00bb81%\u00a0\u00bb module_alignment=\u00a0\u00bbcenter\u00a0\u00bb border_radii=\u00a0\u00bb||||\u00a0\u00bb][\/et_pb_image][et_pb_gallery gallery_ids=\u00a0\u00bb483&Prime; posts_number=\u00a0\u00bb2&Prime; show_title_and_caption=\u00a0\u00bboff\u00a0\u00bb show_pagination=\u00a0\u00bboff\u00a0\u00bb _builder_version=\u00a0\u00bb3.0.106&Prime; caption_font=\u00a0\u00bb||||||||\u00a0\u00bb pagination_font=\u00a0\u00bb||||||||\u00a0\u00bb custom_margin=\u00a0\u00bb|||50px\u00a0\u00bb][\/et_pb_gallery][\/et_pb_column][et_pb_column type=\u00a0\u00bb1_2&Prime; _builder_version=\u00a0\u00bb3.25&Prime; custom_padding=\u00a0\u00bb|||\u00a0\u00bb custom_padding__hover=\u00a0\u00bb|||\u00a0\u00bb][et_pb_text _builder_version=\u00a0\u00bb3.27.4&Prime; text_font=\u00a0\u00bbDidact Gothic||||||||\u00a0\u00bb text_font_size=\u00a0\u00bb12px\u00a0\u00bb text_line_height=\u00a0\u00bb1em\u00a0\u00bb]<p><span style=\"font-size: large;\">Dans un <strong>esprit<\/strong> <strong>coiffeuse<\/strong>, de par l\u2019int\u00e9rieur de son <strong>coffre<\/strong> central<\/span><\/p>\n<p><span style=\"font-size: large;\">orn\u00e9 d\u2019un miroir, cette <\/span><span style=\"font-size: large;\">console a \u00e9t\u00e9 con\u00e7ue dans un style art-d\u00e9co<\/span><\/p>\n<p><span style=\"font-size: large;\">revisit\u00e9. <\/span><\/p>\n<p><span style=\"font-size: large;\"><\/span><\/p>\n<p><span style=\"font-size: large;\">Sa structure en acier <strong>thermo-<\/strong><\/span><span style=\"font-size: large;\"><strong>laqu\u00e9<\/strong> avec une finition laiton<\/span><\/p>\n<p><span style=\"font-size: large;\">bross\u00e9,\u00a0<\/span><span style=\"font-size: large;\">nous propose un coffre grillag\u00e9 \u00e0 chacune de <\/span><span style=\"font-size: large;\">ses<\/span><\/p>\n<p><span style=\"font-size: large;\">extr\u00e9mit\u00e9s, dans\u00a0<\/span><span style=\"font-size: large;\">un esprit de l\u00e9g\u00e8ret\u00e9 et de transparence.<\/span><\/p>\n<p><span style=\"font-size: large;\"><\/span><\/p>\n<p><span style=\"font-size: large;\">Les <strong>objets<\/strong> qui y seront <\/span><span style=\"font-size: large;\">d\u00e9pos\u00e9s pourront \u00eatre \u00e0 la fois cach\u00e9s et<\/span><\/p>\n<p><span style=\"font-size: large;\">divulgu\u00e9s toute en <strong>subtilit\u00e9<\/strong>. <\/span><\/p>\n<p><span style=\"font-size: large;\"><\/span><\/p>\n<p><span style=\"font-size: large;\">L\u2019int\u00e9rieur des <\/span><span style=\"font-size: large;\">coffres est en plexiglass <strong>fuschia<\/strong> (diff\u00e9rents choix de<\/span><\/p>\n<p><span style=\"font-size: large;\">coloris) et l\u2019ouverture de ceux-ci <\/span><span style=\"font-size: large;\">est maintenue par une chainette<\/span><\/p>\n<p><span style=\"font-size: large;\">en laiton.<\/span><\/p>\n<p>&nbsp;<\/p>\n<p><span style=\"font-size: large;\">Le tout sur un pied compos\u00e9 de deux <\/span><span style=\"font-size: large;\">demi-lunes pour la console<\/span><\/p>\n<p><span style=\"font-size: large;\">haute, et d\u2019une seule pour la console basse. La couleur <\/span><\/p>\n<p><span style=\"font-size: large;\">du coffre central (mdf laqu\u00e9) peut \u00eatre au choix.<\/span> <span style=\"font-size: medium;\"><strong><\/strong><\/span><\/p>\n<p><span style=\"font-size: medium;\"><strong><\/strong><\/span><\/p>\n<p><span style=\"font-size: medium;\"><strong>Dimensions : <\/strong><\/span><\/p>\n<p><span style=\"font-size: medium;\">Longueur : 150 cm \/ Largeur : 33 cm<\/span><\/p>\n<p><span style=\"font-size: medium;\">Hauteur : 62.5 cm<\/span><\/p>\n<p><span style=\"font-size: medium;\">\u00a0<\/span><\/p>\n<p><span style=\"font-size: medium;\"><strong>Mat\u00e9riaux :<\/strong><\/span><\/p>\n<p class=\"Corps\"><span style=\"font-size: medium; font-family: inherit; font-weight: normal;\">Acier finition laiton<\/span><o:p><\/o:p><\/p>\n<p class=\"Corps\"><span style=\"font-size: medium; font-family: inherit; font-weight: normal;\">Grillage<\/span><o:p><\/o:p><\/p>\n<p class=\"Corps\"><span style=\"font-size: medium; font-family: inherit; font-weight: normal;\">Coffre du milieu : Bois laqu\u00e9 + miroir int\u00e9rieur<\/span><o:p><\/o:p><\/p>\n<p class=\"Corps\"><span style=\"font-size: medium; font-family: inherit; font-weight: normal;\">Plateau int\u00e9rieur coffres grillag\u00e9s : PMMA<\/span><o:p><\/o:p><\/p>\n<p class=\"Corps\"><span style=\"font-size: medium; font-family: inherit; font-weight: normal;\">Pattes coffres : cuir<\/span><\/p>\n<p><span style=\"font-size: medium;\">\u00a0<\/span><\/p>\n<p><span style=\"font-size: medium;\"><strong>Sur devis :<\/strong><\/span><\/p>\n<ul>\n<li><span style=\"font-size: medium;\">Inox et Laiton<\/span><\/li>\n<li><span style=\"font-size: medium;\">PMMA choix de coloris<\/span><br \/>\n<p><span style=\"font-size: medium;\"><\/span><\/p>\n<\/li>\n<\/ul>\n<p><span style=\"font-size: medium;\"><strong>D\u00e9lai de production :<\/strong> 6 \u00e0 8 semaines<\/span><\/p>[\/et_pb_text][\/et_pb_column][\/et_pb_row][et_pb_row _builder_version=\u00a0\u00bb3.25&Prime; custom_padding=\u00a0\u00bb8px|0px|0|0px\u00a0\u00bb][et_pb_column type=\u00a0\u00bb4_4&Prime; _builder_version=\u00a0\u00bb3.25&Prime; custom_padding=\u00a0\u00bb|||\u00a0\u00bb custom_padding__hover=\u00a0\u00bb|||\u00a0\u00bb][et_pb_divider color=\u00a0\u00bb#000000&Prime; _builder_version=\u00a0\u00bb3.2&Prime;][\/et_pb_divider][\/et_pb_column][\/et_pb_row][et_pb_row _builder_version=\u00a0\u00bb3.25&Prime; custom_padding=\u00a0\u00bb2px|0px|16px|0px\u00a0\u00bb][et_pb_column type=\u00a0\u00bb4_4&Prime; _builder_version=\u00a0\u00bb3.25&Prime; custom_padding=\u00a0\u00bb|||\u00a0\u00bb custom_padding__hover=\u00a0\u00bb|||\u00a0\u00bb][et_pb_button button_url=\u00a0\u00bbhttp:\/\/desinvolte-design.fr\/index.php\/collection\/\u00a0\u00bb button_text=\u00a0\u00bbRetour \u00e0 la collection\u00a0\u00bb button_alignment=\u00a0\u00bbcenter\u00a0\u00bb _builder_version=\u00a0\u00bb3.16&Prime; custom_button=\u00a0\u00bbon\u00a0\u00bb button_text_color=\u00a0\u00bb#000000&Prime; button_border_radius=\u00a0\u00bb10px\u00a0\u00bb button_letter_spacing=\u00a0\u00bb3px\u00a0\u00bb button_font=\u00a0\u00bb||||||||\u00a0\u00bb button_text_size__hover_enabled=\u00a0\u00bboff\u00a0\u00bb button_one_text_size__hover_enabled=\u00a0\u00bboff\u00a0\u00bb button_two_text_size__hover_enabled=\u00a0\u00bboff\u00a0\u00bb button_text_color__hover_enabled=\u00a0\u00bboff\u00a0\u00bb button_one_text_color__hover_enabled=\u00a0\u00bboff\u00a0\u00bb button_two_text_color__hover_enabled=\u00a0\u00bboff\u00a0\u00bb button_border_width__hover_enabled=\u00a0\u00bboff\u00a0\u00bb button_one_border_width__hover_enabled=\u00a0\u00bboff\u00a0\u00bb button_two_border_width__hover_enabled=\u00a0\u00bboff\u00a0\u00bb button_border_color__hover_enabled=\u00a0\u00bboff\u00a0\u00bb button_one_border_color__hover_enabled=\u00a0\u00bboff\u00a0\u00bb button_two_border_color__hover_enabled=\u00a0\u00bboff\u00a0\u00bb button_border_radius__hover_enabled=\u00a0\u00bboff\u00a0\u00bb button_one_border_radius__hover_enabled=\u00a0\u00bboff\u00a0\u00bb button_two_border_radius__hover_enabled=\u00a0\u00bboff\u00a0\u00bb button_letter_spacing__hover_enabled=\u00a0\u00bboff\u00a0\u00bb button_one_letter_spacing__hover_enabled=\u00a0\u00bboff\u00a0\u00bb button_two_letter_spacing__hover_enabled=\u00a0\u00bboff\u00a0\u00bb button_bg_color__hover_enabled=\u00a0\u00bboff\u00a0\u00bb button_one_bg_color__hover_enabled=\u00a0\u00bboff\u00a0\u00bb button_two_bg_color__hover_enabled=\u00a0\u00bboff\u00a0\u00bb][\/et_pb_button][\/et_pb_column][\/et_pb_row][\/et_pb_section]\n","protected":false},"excerpt":{"rendered":"","protected":false},"author":1,"featured_media":0,"parent":0,"menu_order":0,"comment_status":"closed","ping_status":"closed","template":"","meta":{"_et_pb_use_builder":"on","_et_pb_old_content":"","_et_gb_content_width":""},"yoast_head":"<!-- This site is optimized with the Yoast SEO plugin v15.5 - https:\/\/yoast.com\/wordpress\/plugins\/seo\/ -->\n<title>Esprit coiffeuse console basse - Desinvolte-design<\/title>\n<meta name=\"description\" content=\"Dans un esprit coiffeuse, de par l\u2019int\u00e9rieur de son coffre centralorn\u00e9 d\u2019un miroir, cette console a \u00e9t\u00e9 con\u00e7ue dans un style art-d\u00e9corevisit\u00e9.\" \/>\n<meta name=\"robots\" content=\"index, follow, max-snippet:-1, max-image-preview:large, max-video-preview:-1\" \/>\n<link rel=\"canonical\" href=\"https:\/\/desinvolte-design.fr\/index.php\/esprit-coiffeuse-console-basse\/\" \/>\n<meta property=\"og:locale\" content=\"fr_FR\" \/>\n<meta property=\"og:type\" content=\"article\" \/>\n<meta property=\"og:title\" content=\"Esprit coiffeuse console basse - Desinvolte-design\" \/>\n<meta property=\"og:description\" content=\"Dans un esprit coiffeuse, de par l\u2019int\u00e9rieur de son coffre centralorn\u00e9 d\u2019un miroir, cette console a \u00e9t\u00e9 con\u00e7ue dans un style art-d\u00e9corevisit\u00e9.\" \/>\n<meta property=\"og:url\" content=\"https:\/\/desinvolte-design.fr\/index.php\/esprit-coiffeuse-console-basse\/\" \/>\n<meta property=\"og:site_name\" content=\"Desinvolte-design\" \/>\n<meta property=\"article:publisher\" content=\"https:\/\/www.facebook.com\/D%c3%a9sinvolte-Design-424288104686651\/\" \/>\n<meta property=\"article:modified_time\" content=\"2021-02-10T18:51:30+00:00\" \/>\n<meta name=\"twitter:card\" content=\"summary_large_image\" \/>\n<meta name=\"twitter:label1\" content=\"Dur\u00e9e de lecture est.\">\n\t<meta name=\"twitter:data1\" content=\"3 minutes\">\n<script type=\"application\/ld+json\" class=\"yoast-schema-graph\">{\"@context\":\"https:\/\/schema.org\",\"@graph\":[{\"@type\":\"Organization\",\"@id\":\"https:\/\/desinvolte-design.fr\/#organization\",\"name\":\"Desinvolte-Design\",\"url\":\"https:\/\/desinvolte-design.fr\/\",\"sameAs\":[\"https:\/\/www.facebook.com\/D\\u00e9sinvolte-Design-424288104686651\/\"],\"logo\":{\"@type\":\"ImageObject\",\"@id\":\"https:\/\/desinvolte-design.fr\/#logo\",\"inLanguage\":\"fr-FR\",\"url\":\"https:\/\/desinvolte-design.fr\/wp-content\/uploads\/2018\/04\/logo-desinvolte-dor\\u00e9.png\",\"width\":531,\"height\":79,\"caption\":\"Desinvolte-Design\"},\"image\":{\"@id\":\"https:\/\/desinvolte-design.fr\/#logo\"}},{\"@type\":\"WebSite\",\"@id\":\"https:\/\/desinvolte-design.fr\/#website\",\"url\":\"https:\/\/desinvolte-design.fr\/\",\"name\":\"Desinvolte-design\",\"description\":\"By Isabelle Lebret\",\"publisher\":{\"@id\":\"https:\/\/desinvolte-design.fr\/#organization\"},\"potentialAction\":[{\"@type\":\"SearchAction\",\"target\":\"https:\/\/desinvolte-design.fr\/?s={search_term_string}\",\"query-input\":\"required name=search_term_string\"}],\"inLanguage\":\"fr-FR\"},{\"@type\":\"WebPage\",\"@id\":\"https:\/\/desinvolte-design.fr\/index.php\/esprit-coiffeuse-console-basse\/#webpage\",\"url\":\"https:\/\/desinvolte-design.fr\/index.php\/esprit-coiffeuse-console-basse\/\",\"name\":\"Esprit coiffeuse console basse - Desinvolte-design\",\"isPartOf\":{\"@id\":\"https:\/\/desinvolte-design.fr\/#website\"},\"datePublished\":\"2018-04-08T13:50:48+00:00\",\"dateModified\":\"2021-02-10T18:51:30+00:00\",\"description\":\"Dans un esprit coiffeuse, de par l\\u2019int\\u00e9rieur de son coffre centralorn\\u00e9 d\\u2019un miroir, cette console a \\u00e9t\\u00e9 con\\u00e7ue dans un style art-d\\u00e9corevisit\\u00e9.\",\"inLanguage\":\"fr-FR\",\"potentialAction\":[{\"@type\":\"ReadAction\",\"target\":[\"https:\/\/desinvolte-design.fr\/index.php\/esprit-coiffeuse-console-basse\/\"]}]}]}<\/script>\n<!-- \/ Yoast SEO plugin. -->","_links":{"self":[{"href":"https:\/\/desinvolte-design.fr\/index.php\/wp-json\/wp\/v2\/pages\/171"}],"collection":[{"href":"https:\/\/desinvolte-design.fr\/index.php\/wp-json\/wp\/v2\/pages"}],"about":[{"href":"https:\/\/desinvolte-design.fr\/index.php\/wp-json\/wp\/v2\/types\/page"}],"author":[{"embeddable":true,"href":"https:\/\/desinvolte-design.fr\/index.php\/wp-json\/wp\/v2\/users\/1"}],"replies":[{"embeddable":true,"href":"https:\/\/desinvolte-design.fr\/index.php\/wp-json\/wp\/v2\/comments?post=171"}],"version-history":[{"count":30,"href":"https:\/\/desinvolte-design.fr\/index.php\/wp-json\/wp\/v2\/pages\/171\/revisions"}],"predecessor-version":[{"id":936,"href":"https:\/\/desinvolte-design.fr\/index.php\/wp-json\/wp\/v2\/pages\/171\/revisions\/936"}],"wp:attachment":[{"href":"https:\/\/desinvolte-design.fr\/index.php\/wp-json\/wp\/v2\/media?parent=171"}],"curies":[{"name":"wp","href":"https:\/\/api.w.org\/{rel}","templated":true}]}}