{"id":44,"date":"2018-03-29T22:27:54","date_gmt":"2018-03-29T20:27:54","guid":{"rendered":"http:\/\/desinvolte-design.fr\/?page_id=44"},"modified":"2018-10-28T19:45:39","modified_gmt":"2018-10-28T18:45:39","slug":"actualites","status":"publish","type":"page","link":"https:\/\/desinvolte-design.fr\/index.php\/actualites\/","title":{"rendered":"Actualit\u00e9s"},"content":{"rendered":"<p>[et_pb_section fb_built=\u00a0\u00bb1&Prime; admin_label=\u00a0\u00bbsection\u00a0\u00bb _builder_version=\u00a0\u00bb3.0.106&Prime;][et_pb_row custom_padding=\u00a0\u00bb0|0px|27px|0px\u00a0\u00bb admin_label=\u00a0\u00bbrow\u00a0\u00bb _builder_version=\u00a0\u00bb3.0.47&Prime; background_size=\u00a0\u00bbinitial\u00a0\u00bb background_position=\u00a0\u00bbtop_left\u00a0\u00bb background_repeat=\u00a0\u00bbrepeat\u00a0\u00bb][et_pb_column type=\u00a0\u00bb1_2&Prime; _builder_version=\u00a0\u00bb3.0.47&Prime; parallax=\u00a0\u00bboff\u00a0\u00bb parallax_method=\u00a0\u00bbon\u00a0\u00bb][et_pb_text admin_label=\u00a0\u00bbText\u00a0\u00bb _builder_version=\u00a0\u00bb3.0.74&Prime; background_size=\u00a0\u00bbinitial\u00a0\u00bb background_position=\u00a0\u00bbtop_left\u00a0\u00bb background_repeat=\u00a0\u00bbrepeat\u00a0\u00bb]\t\t\t\t[\/et_pb_text][et_pb_image src=\u00a0\u00bbhttp:\/\/desinvolte-design.fr\/wp-content\/uploads\/2018\/10\/Designer.jpg\u00a0\u00bb align=\u00a0\u00bbcenter\u00a0\u00bb _builder_version=\u00a0\u00bb3.16.1&Prime; box_shadow_style=\u00a0\u00bbpreset2&Prime; max_width=\u00a0\u00bb80%\u00a0\u00bb module_alignment=\u00a0\u00bbcenter\u00a0\u00bb filter_hue_rotate=\u00a0\u00bb359deg\u00a0\u00bb filter_saturate=\u00a0\u00bb90%\u00a0\u00bb filter_brightness=\u00a0\u00bb112%\u00a0\u00bb filter_contrast=\u00a0\u00bb112%\u00a0\u00bb filter_sepia=\u00a0\u00bb13%\u00a0\u00bb animation_style=\u00a0\u00bbfade\u00a0\u00bb][\/et_pb_image][\/et_pb_column][et_pb_column type=\u00a0\u00bb1_2&Prime; _builder_version=\u00a0\u00bb3.0.47&Prime; parallax=\u00a0\u00bboff\u00a0\u00bb parallax_method=\u00a0\u00bbon\u00a0\u00bb][et_pb_text _builder_version=\u00a0\u00bb3.0.106&Prime; text_font=\u00a0\u00bb||||||||\u00a0\u00bb ul_font=\u00a0\u00bb||||||||\u00a0\u00bb header_font=\u00a0\u00bb||||||||\u00a0\u00bb text_orientation=\u00a0\u00bbjustified\u00a0\u00bb]<\/p>\n<p>&nbsp;<\/p>\n<p><span style=\"font-size: x-large; color: #000000;\"><strong>Isabelle LEBRET<\/strong><\/span><\/p>\n<p>&nbsp;<\/p>\n<p style=\"text-align: justify;\"><span style=\"font-size: large;\">Designer Parisienne autodidacte, Isabelle pr\u00e9sente sa collection de meubles design : La collection First.<\/span><\/p>\n<p style=\"text-align: justify;\"><span style=\"font-size: large;\"> Inspir\u00e9e par la p\u00e9riode art-d\u00e9co revisit\u00e9e \u00e0 sa mani\u00e8re ici d&rsquo;une touche de fuschia, comme une continuit\u00e9 de sa palette de peintre.<\/span><\/p>\n<p style=\"text-align: justify;\"><span style=\"font-size: large;\">Sa recherche se veut \u00e0 la fois \u00e9l\u00e9gante et originale, alliant les belles mati\u00e8res et le savoir faire des artisans Fran\u00e7ais et Europ\u00e9ens.<\/span><\/p>\n<p>[\/et_pb_text][et_pb_image src=\u00a0\u00bbhttp:\/\/desinvolte-design.fr\/wp-content\/uploads\/2018\/04\/ensemble-1.jpg\u00a0\u00bb _builder_version=\u00a0\u00bb3.0.106&Prime; max_width=\u00a0\u00bb91%\u00a0\u00bb][\/et_pb_image][et_pb_button button_url=\u00a0\u00bbhttp:\/\/desinvolte-design.fr\/index.php\/collection\/\u00a0\u00bb button_text=\u00a0\u00bbVoir la collection\u00a0\u00bb button_alignment=\u00a0\u00bbcenter\u00a0\u00bb _builder_version=\u00a0\u00bb3.16&Prime; custom_button=\u00a0\u00bbon\u00a0\u00bb button_text_color=\u00a0\u00bb#000000&Prime; button_border_width=\u00a0\u00bb1px\u00a0\u00bb button_border_radius=\u00a0\u00bb5px\u00a0\u00bb button_font=\u00a0\u00bb||||||||\u00a0\u00bb box_shadow_style=\u00a0\u00bbpreset2&Prime; box_shadow_spread=\u00a0\u00bb-5px\u00a0\u00bb button_text_size__hover_enabled=\u00a0\u00bboff\u00a0\u00bb button_one_text_size__hover_enabled=\u00a0\u00bboff\u00a0\u00bb button_two_text_size__hover_enabled=\u00a0\u00bboff\u00a0\u00bb button_text_color__hover_enabled=\u00a0\u00bboff\u00a0\u00bb button_one_text_color__hover_enabled=\u00a0\u00bboff\u00a0\u00bb button_two_text_color__hover_enabled=\u00a0\u00bboff\u00a0\u00bb button_border_width__hover_enabled=\u00a0\u00bboff\u00a0\u00bb button_one_border_width__hover_enabled=\u00a0\u00bboff\u00a0\u00bb button_two_border_width__hover_enabled=\u00a0\u00bboff\u00a0\u00bb button_border_color__hover_enabled=\u00a0\u00bboff\u00a0\u00bb button_one_border_color__hover_enabled=\u00a0\u00bboff\u00a0\u00bb button_two_border_color__hover_enabled=\u00a0\u00bboff\u00a0\u00bb button_border_radius__hover_enabled=\u00a0\u00bboff\u00a0\u00bb button_one_border_radius__hover_enabled=\u00a0\u00bboff\u00a0\u00bb button_two_border_radius__hover_enabled=\u00a0\u00bboff\u00a0\u00bb button_letter_spacing__hover_enabled=\u00a0\u00bboff\u00a0\u00bb button_one_letter_spacing__hover_enabled=\u00a0\u00bboff\u00a0\u00bb button_two_letter_spacing__hover_enabled=\u00a0\u00bboff\u00a0\u00bb button_bg_color__hover_enabled=\u00a0\u00bboff\u00a0\u00bb button_one_bg_color__hover_enabled=\u00a0\u00bboff\u00a0\u00bb button_two_bg_color__hover_enabled=\u00a0\u00bboff\u00a0\u00bb][\/et_pb_button][\/et_pb_column][\/et_pb_row][\/et_pb_section]<\/p>\n","protected":false},"excerpt":{"rendered":"<p>[et_pb_section fb_built=\u00a0\u00bb1&Prime; admin_label=\u00a0\u00bbsection\u00a0\u00bb _builder_version=\u00a0\u00bb3.0.106&Prime;][et_pb_row custom_padding=\u00a0\u00bb0|0px|27px|0px\u00a0\u00bb admin_label=\u00a0\u00bbrow\u00a0\u00bb _builder_version=\u00a0\u00bb3.0.47&Prime; background_size=\u00a0\u00bbinitial\u00a0\u00bb background_position=\u00a0\u00bbtop_left\u00a0\u00bb background_repeat=\u00a0\u00bbrepeat\u00a0\u00bb][et_pb_column type=\u00a0\u00bb1_2&Prime; _builder_version=\u00a0\u00bb3.0.47&Prime; parallax=\u00a0\u00bboff\u00a0\u00bb parallax_method=\u00a0\u00bbon\u00a0\u00bb][et_pb_text admin_label=\u00a0\u00bbText\u00a0\u00bb _builder_version=\u00a0\u00bb3.0.74&Prime; background_size=\u00a0\u00bbinitial\u00a0\u00bb background_position=\u00a0\u00bbtop_left\u00a0\u00bb background_repeat=\u00a0\u00bbrepeat\u00a0\u00bb] [\/et_pb_text][et_pb_image src=\u00a0\u00bbhttp:\/\/desinvolte-design.fr\/wp-content\/uploads\/2018\/10\/Designer.jpg\u00a0\u00bb align=\u00a0\u00bbcenter\u00a0\u00bb _builder_version=\u00a0\u00bb3.16.1&Prime; box_shadow_style=\u00a0\u00bbpreset2&Prime; max_width=\u00a0\u00bb80%\u00a0\u00bb module_alignment=\u00a0\u00bbcenter\u00a0\u00bb filter_hue_rotate=\u00a0\u00bb359deg\u00a0\u00bb filter_saturate=\u00a0\u00bb90%\u00a0\u00bb filter_brightness=\u00a0\u00bb112%\u00a0\u00bb filter_contrast=\u00a0\u00bb112%\u00a0\u00bb filter_sepia=\u00a0\u00bb13%\u00a0\u00bb animation_style=\u00a0\u00bbfade\u00a0\u00bb][\/et_pb_image][\/et_pb_column][et_pb_column type=\u00a0\u00bb1_2&Prime; _builder_version=\u00a0\u00bb3.0.47&Prime; parallax=\u00a0\u00bboff\u00a0\u00bb parallax_method=\u00a0\u00bbon\u00a0\u00bb][et_pb_text _builder_version=\u00a0\u00bb3.0.106&Prime; text_font=\u00a0\u00bb||||||||\u00a0\u00bb ul_font=\u00a0\u00bb||||||||\u00a0\u00bb header_font=\u00a0\u00bb||||||||\u00a0\u00bb text_orientation=\u00a0\u00bbjustified\u00a0\u00bb] &nbsp; Isabelle LEBRET &nbsp; Designer Parisienne autodidacte, Isabelle pr\u00e9sente sa collection de meubles design [&hellip;]<\/p>\n","protected":false},"author":1,"featured_media":0,"parent":0,"menu_order":0,"comment_status":"closed","ping_status":"closed","template":"","meta":{"_et_pb_use_builder":"on","_et_pb_old_content":"","_et_gb_content_width":""},"yoast_head":"<!-- This site is optimized with the Yoast SEO plugin v15.5 - https:\/\/yoast.com\/wordpress\/plugins\/seo\/ -->\n<title>Actualit\u00e9s - Desinvolte-design<\/title>\n<meta name=\"robots\" content=\"index, follow, max-snippet:-1, max-image-preview:large, max-video-preview:-1\" \/>\n<link rel=\"canonical\" href=\"https:\/\/desinvolte-design.fr\/index.php\/actualites\/\" \/>\n<meta property=\"og:locale\" content=\"fr_FR\" \/>\n<meta property=\"og:type\" content=\"article\" \/>\n<meta property=\"og:title\" content=\"Actualit\u00e9s - Desinvolte-design\" \/>\n<meta property=\"og:description\" content=\"[et_pb_section fb_built=\u00a0\u00bb1&Prime; admin_label=\u00a0\u00bbsection\u00a0\u00bb _builder_version=\u00a0\u00bb3.0.106&Prime;][et_pb_row custom_padding=\u00a0\u00bb0|0px|27px|0px\u00a0\u00bb admin_label=\u00a0\u00bbrow\u00a0\u00bb _builder_version=\u00a0\u00bb3.0.47&Prime; background_size=\u00a0\u00bbinitial\u00a0\u00bb background_position=\u00a0\u00bbtop_left\u00a0\u00bb background_repeat=\u00a0\u00bbrepeat\u00a0\u00bb][et_pb_column type=\u00a0\u00bb1_2&Prime; _builder_version=\u00a0\u00bb3.0.47&Prime; parallax=\u00a0\u00bboff\u00a0\u00bb parallax_method=\u00a0\u00bbon\u00a0\u00bb][et_pb_text admin_label=\u00a0\u00bbText\u00a0\u00bb _builder_version=\u00a0\u00bb3.0.74&Prime; background_size=\u00a0\u00bbinitial\u00a0\u00bb background_position=\u00a0\u00bbtop_left\u00a0\u00bb background_repeat=\u00a0\u00bbrepeat\u00a0\u00bb] [\/et_pb_text][et_pb_image src=\u00a0\u00bbhttp:\/\/desinvolte-design.fr\/wp-content\/uploads\/2018\/10\/Designer.jpg\u00a0\u00bb align=\u00a0\u00bbcenter\u00a0\u00bb _builder_version=\u00a0\u00bb3.16.1&Prime; box_shadow_style=\u00a0\u00bbpreset2&Prime; max_width=\u00a0\u00bb80%\u00a0\u00bb module_alignment=\u00a0\u00bbcenter\u00a0\u00bb filter_hue_rotate=\u00a0\u00bb359deg\u00a0\u00bb filter_saturate=\u00a0\u00bb90%\u00a0\u00bb filter_brightness=\u00a0\u00bb112%\u00a0\u00bb filter_contrast=\u00a0\u00bb112%\u00a0\u00bb filter_sepia=\u00a0\u00bb13%\u00a0\u00bb animation_style=\u00a0\u00bbfade\u00a0\u00bb][\/et_pb_image][\/et_pb_column][et_pb_column type=\u00a0\u00bb1_2&Prime; _builder_version=\u00a0\u00bb3.0.47&Prime; parallax=\u00a0\u00bboff\u00a0\u00bb parallax_method=\u00a0\u00bbon\u00a0\u00bb][et_pb_text _builder_version=\u00a0\u00bb3.0.106&Prime; text_font=\u00a0\u00bb||||||||\u00a0\u00bb ul_font=\u00a0\u00bb||||||||\u00a0\u00bb header_font=\u00a0\u00bb||||||||\u00a0\u00bb text_orientation=\u00a0\u00bbjustified\u00a0\u00bb] &nbsp; Isabelle LEBRET &nbsp; Designer Parisienne autodidacte, Isabelle pr\u00e9sente sa collection de meubles design [&hellip;]\" \/>\n<meta property=\"og:url\" content=\"https:\/\/desinvolte-design.fr\/index.php\/actualites\/\" \/>\n<meta property=\"og:site_name\" content=\"Desinvolte-design\" \/>\n<meta property=\"article:publisher\" content=\"https:\/\/www.facebook.com\/D%c3%a9sinvolte-Design-424288104686651\/\" \/>\n<meta property=\"article:modified_time\" content=\"2018-10-28T18:45:39+00:00\" \/>\n<meta name=\"twitter:card\" content=\"summary_large_image\" \/>\n<meta name=\"twitter:label1\" content=\"Dur\u00e9e de lecture est.\">\n\t<meta name=\"twitter:data1\" content=\"2 minutes\">\n<script type=\"application\/ld+json\" class=\"yoast-schema-graph\">{\"@context\":\"https:\/\/schema.org\",\"@graph\":[{\"@type\":\"Organization\",\"@id\":\"https:\/\/desinvolte-design.fr\/#organization\",\"name\":\"Desinvolte-Design\",\"url\":\"https:\/\/desinvolte-design.fr\/\",\"sameAs\":[\"https:\/\/www.facebook.com\/D\\u00e9sinvolte-Design-424288104686651\/\"],\"logo\":{\"@type\":\"ImageObject\",\"@id\":\"https:\/\/desinvolte-design.fr\/#logo\",\"inLanguage\":\"fr-FR\",\"url\":\"https:\/\/desinvolte-design.fr\/wp-content\/uploads\/2018\/04\/logo-desinvolte-dor\\u00e9.png\",\"width\":531,\"height\":79,\"caption\":\"Desinvolte-Design\"},\"image\":{\"@id\":\"https:\/\/desinvolte-design.fr\/#logo\"}},{\"@type\":\"WebSite\",\"@id\":\"https:\/\/desinvolte-design.fr\/#website\",\"url\":\"https:\/\/desinvolte-design.fr\/\",\"name\":\"Desinvolte-design\",\"description\":\"By Isabelle Lebret\",\"publisher\":{\"@id\":\"https:\/\/desinvolte-design.fr\/#organization\"},\"potentialAction\":[{\"@type\":\"SearchAction\",\"target\":\"https:\/\/desinvolte-design.fr\/?s={search_term_string}\",\"query-input\":\"required name=search_term_string\"}],\"inLanguage\":\"fr-FR\"},{\"@type\":\"WebPage\",\"@id\":\"https:\/\/desinvolte-design.fr\/index.php\/actualites\/#webpage\",\"url\":\"https:\/\/desinvolte-design.fr\/index.php\/actualites\/\",\"name\":\"Actualit\\u00e9s - Desinvolte-design\",\"isPartOf\":{\"@id\":\"https:\/\/desinvolte-design.fr\/#website\"},\"datePublished\":\"2018-03-29T20:27:54+00:00\",\"dateModified\":\"2018-10-28T18:45:39+00:00\",\"inLanguage\":\"fr-FR\",\"potentialAction\":[{\"@type\":\"ReadAction\",\"target\":[\"https:\/\/desinvolte-design.fr\/index.php\/actualites\/\"]}]}]}<\/script>\n<!-- \/ Yoast SEO plugin. -->","_links":{"self":[{"href":"https:\/\/desinvolte-design.fr\/index.php\/wp-json\/wp\/v2\/pages\/44"}],"collection":[{"href":"https:\/\/desinvolte-design.fr\/index.php\/wp-json\/wp\/v2\/pages"}],"about":[{"href":"https:\/\/desinvolte-design.fr\/index.php\/wp-json\/wp\/v2\/types\/page"}],"author":[{"embeddable":true,"href":"https:\/\/desinvolte-design.fr\/index.php\/wp-json\/wp\/v2\/users\/1"}],"replies":[{"embeddable":true,"href":"https:\/\/desinvolte-design.fr\/index.php\/wp-json\/wp\/v2\/comments?post=44"}],"version-history":[{"count":17,"href":"https:\/\/desinvolte-design.fr\/index.php\/wp-json\/wp\/v2\/pages\/44\/revisions"}],"predecessor-version":[{"id":738,"href":"https:\/\/desinvolte-design.fr\/index.php\/wp-json\/wp\/v2\/pages\/44\/revisions\/738"}],"wp:attachment":[{"href":"https:\/\/desinvolte-design.fr\/index.php\/wp-json\/wp\/v2\/media?parent=44"}],"curies":[{"name":"wp","href":"https:\/\/api.w.org\/{rel}","templated":true}]}}