{"id":71,"date":"2018-03-29T23:37:05","date_gmt":"2018-03-29T21:37:05","guid":{"rendered":"http:\/\/desinvolte-design.fr\/?page_id=71"},"modified":"2021-02-10T20:04:23","modified_gmt":"2021-02-10T19:04:23","slug":"fauteuil-elegant-art-deco-leger","status":"publish","type":"page","link":"https:\/\/desinvolte-design.fr\/index.php\/fauteuil-elegant-art-deco-leger\/","title":{"rendered":"Fauteuil"},"content":{"rendered":"<p>[et_pb_section fb_built=\u00a0\u00bb1&Prime; admin_label=\u00a0\u00bbsection\u00a0\u00bb _builder_version=\u00a0\u00bb3.22&Prime; custom_padding=\u00a0\u00bb19px|0px|90px|0px\u00a0\u00bb][et_pb_row admin_label=\u00a0\u00bbrow\u00a0\u00bb _builder_version=\u00a0\u00bb3.25&Prime; background_size=\u00a0\u00bbinitial\u00a0\u00bb background_position=\u00a0\u00bbtop_left\u00a0\u00bb background_repeat=\u00a0\u00bbrepeat\u00a0\u00bb custom_padding=\u00a0\u00bb11px|0px|2px|0px\u00a0\u00bb][et_pb_column type=\u00a0\u00bb4_4&Prime; _builder_version=\u00a0\u00bb3.25&Prime; custom_padding=\u00a0\u00bb|||\u00a0\u00bb custom_padding__hover=\u00a0\u00bb|||\u00a0\u00bb][et_pb_text admin_label=\u00a0\u00bbText\u00a0\u00bb _builder_version=\u00a0\u00bb3.27.4&Prime; background_size=\u00a0\u00bbinitial\u00a0\u00bb background_position=\u00a0\u00bbtop_left\u00a0\u00bb background_repeat=\u00a0\u00bbrepeat\u00a0\u00bb]<\/p>\n<h4 style=\"text-align: left;\"><span style=\"color: #000000; font-size: x-large;\"><strong> Katia <\/strong><span style=\"font-size: medium;\">:\u00a0<\/span><\/span><span style=\"font-size: medium;\"><span style=\"color: #000000;\">Fauteuil<\/span><\/span><\/h4>\n<p>[\/et_pb_text][\/et_pb_column][\/et_pb_row][et_pb_row _builder_version=\u00a0\u00bb3.25&Prime; custom_padding=\u00a0\u00bb11px|0px|0|0px\u00a0\u00bb][et_pb_column type=\u00a0\u00bb4_4&Prime; _builder_version=\u00a0\u00bb3.25&Prime; custom_padding=\u00a0\u00bb|||\u00a0\u00bb custom_padding__hover=\u00a0\u00bb|||\u00a0\u00bb][et_pb_divider color=\u00a0\u00bb#000000&Prime; _builder_version=\u00a0\u00bb3.2&Prime;][\/et_pb_divider][\/et_pb_column][\/et_pb_row][et_pb_row column_structure=\u00a0\u00bb1_2,1_2&Prime; _builder_version=\u00a0\u00bb3.25&Prime; custom_padding=\u00a0\u00bb27px|0px|27px|0px\u00a0\u00bb][et_pb_column type=\u00a0\u00bb1_2&Prime; _builder_version=\u00a0\u00bb3.25&Prime; custom_padding=\u00a0\u00bb|||\u00a0\u00bb custom_padding__hover=\u00a0\u00bb|||\u00a0\u00bb][et_pb_image src=\u00a0\u00bbhttp:\/\/desinvolte-design.fr\/wp-content\/uploads\/2018\/10\/fauteuil-1-1200px-72dpi.jpg\u00a0\u00bb align_tablet=\u00a0\u00bbcenter\u00a0\u00bb align_phone=\u00a0\u00bb\u00a0\u00bb align_last_edited=\u00a0\u00bbon|desktop\u00a0\u00bb _builder_version=\u00a0\u00bb3.23&Prime;][\/et_pb_image][et_pb_gallery gallery_ids=\u00a0\u00bb656,235&Prime; gallery_captions=\u00a0\u00bb,\u00a0\u00bb posts_number=\u00a0\u00bb2&Prime; show_title_and_caption=\u00a0\u00bboff\u00a0\u00bb show_pagination=\u00a0\u00bboff\u00a0\u00bb _builder_version=\u00a0\u00bb3.16.1&Prime;][\/et_pb_gallery][\/et_pb_column][et_pb_column type=\u00a0\u00bb1_2&Prime; _builder_version=\u00a0\u00bb3.25&Prime; custom_padding=\u00a0\u00bb|||\u00a0\u00bb custom_padding__hover=\u00a0\u00bb|||\u00a0\u00bb][et_pb_text _builder_version=\u00a0\u00bb3.27.4&Prime; text_font=\u00a0\u00bbDidact Gothic||||||||\u00a0\u00bb text_font_size=\u00a0\u00bb11px\u00a0\u00bb text_line_height=\u00a0\u00bb1em\u00a0\u00bb]<\/p>\n<p><span style=\"font-size: medium;\"><strong><\/strong><\/span><\/p>\n<p>&nbsp;<\/p>\n<p><span style=\"font-size: medium;\">Ce <strong>fauteuil<\/strong> \u00e0 l\u2019\u00e9l\u00e9gante silhouette, d\u2019inspiration Art-D\u00e9co, a \u00e9t\u00e9 con\u00e7u dans<\/span><\/p>\n<p><span style=\"font-size: medium;\">un esprit de l\u00e9g\u00e8ret\u00e9. <\/span><\/p>\n<p><span style=\"font-size: medium;\"><\/span><\/p>\n<p><span style=\"font-size: medium;\">Sa silhouette de forme arrondie, associe confort et\u00a0<\/span><span style=\"font-size: medium;\">esth\u00e9tique raffin\u00e9e. <br \/><\/span><\/p>\n<p><span style=\"font-size: medium;\"><\/span><\/p>\n<p><span style=\"font-size: medium;\">Il est disponible en plusieurs coloris et rev\u00eatements de tissus ou de cuirs. <\/span><\/p>\n<p><span style=\"font-size: medium;\"><\/span><\/p>\n<p><span style=\"font-size: medium;\">Sa conception est faite d\u2019une structure en acier thermolaqu\u00e9 avec une<\/span><\/p>\n<p><span style=\"font-size: medium;\">finition laiton bross\u00e9, un rembourrage en mousse et un sous-plateau<\/span><\/p>\n<p><span style=\"font-size: medium;\">encastr\u00e9 en verre acrylique (pmma). <\/span><\/p>\n<p><span style=\"font-size: medium;\"><\/span><\/p>\n<p><span style=\"font-size: medium;\">Il est \u00e9galement d\u00e9clinable en version Outdoor pour am\u00e9nager vos<\/span><\/p>\n<p><span style=\"font-size: medium;\">espaces ext\u00e9rieurs ou\u00a0dans une version avec structure laiton (sur devis). <\/span><\/p>\n<p>&nbsp;<\/p>\n<p><span style=\"font-size: medium;\"><strong><\/strong><\/span><\/p>\n<p>&nbsp;<\/p>\n<p><span style=\"font-size: medium;\"><strong><\/strong><\/span><\/p>\n<p>&nbsp;<\/p>\n<p><span style=\"font-size: medium;\"><strong>Dimensions :<\/strong><\/span><\/p>\n<p>&nbsp;<\/p>\n<p><span style=\"font-size: medium;\">Diam\u00e8tre : 80 cm<\/span><\/p>\n<p>&nbsp;<\/p>\n<p><span style=\"font-size: medium;\">Hauteur : 90 cm<\/span><\/p>\n<p>&nbsp;<\/p>\n<p><span style=\"font-size: medium;\"><\/span><\/p>\n<p>&nbsp;<\/p>\n<p><span style=\"font-size: medium;\"><strong>Mat\u00e9riaux :<\/strong><\/span><\/p>\n<p>&nbsp;<\/p>\n<p class=\"Corps\"><span style=\"font-size: medium;\">Acier finition laiton<\/span><o:p><\/o:p><\/p>\n<p>&nbsp;<\/p>\n<p class=\"Corps\"><span style=\"font-size: medium;\">Coussin assise : mousse \u00e0 densit\u00e9 30kg m3<\/span><o:p><\/o:p><\/p>\n<p>&nbsp;<\/p>\n<p class=\"Corps\"><span style=\"font-size: medium;\">Plateau int\u00e9rieur : PMMA<\/span><o:p><\/o:p><\/p>\n<p>&nbsp;<\/p>\n<p class=\"Corps\"><span style=\"font-size: medium;\">Pi\u00e9tement : Acier noir<\/span><o:p><\/o:p><\/p>\n<p>&nbsp;<\/p>\n<p><span style=\"font-size: medium;\"><strong><\/strong><\/span><\/p>\n<p>&nbsp;<\/p>\n<p><span style=\"font-size: medium;\"><strong>Sur devis :<\/strong><\/span><\/p>\n<p>&nbsp;<\/p>\n<p><span style=\"font-size: medium;\"><strong><\/strong><\/span><\/p>\n<p>&nbsp;<\/p>\n<ul>\n<li><span style=\"font-size: medium;\">Inox et Laiton<\/span><\/li>\n<li><span style=\"font-size: medium;\">PMMA choix de coloris<\/span>\n<p class=\"Corps\"><span style=\"font-size: medium;\"><\/span><\/p>\n<p class=\"Corps\"><span style=\"font-size: medium;\"><\/span><\/p>\n<p class=\"Corps\"><span style=\"font-size: medium;\"><\/span><\/p>\n<p class=\"Corps\"><span style=\"font-size: medium;\"><\/span><strong style=\"font-size: medium;\">D\u00e9lai de production :<\/strong><span style=\"font-size: medium;\"> 6 \u00e0 8 semaines<\/span><\/p>\n<\/li>\n<\/ul>\n<p>&nbsp;<\/p>\n<p>[\/et_pb_text][\/et_pb_column][\/et_pb_row][et_pb_row _builder_version=\u00a0\u00bb3.25&Prime; custom_padding=\u00a0\u00bb6px|0px|0|0px\u00a0\u00bb][et_pb_column type=\u00a0\u00bb4_4&Prime; _builder_version=\u00a0\u00bb3.25&Prime; custom_padding=\u00a0\u00bb|||\u00a0\u00bb custom_padding__hover=\u00a0\u00bb|||\u00a0\u00bb][et_pb_divider color=\u00a0\u00bb#000000&Prime; _builder_version=\u00a0\u00bb3.2&Prime;][\/et_pb_divider][\/et_pb_column][\/et_pb_row][et_pb_row _builder_version=\u00a0\u00bb3.25&Prime; custom_padding=\u00a0\u00bb0|0px|0|0px\u00a0\u00bb][et_pb_column type=\u00a0\u00bb4_4&Prime; _builder_version=\u00a0\u00bb3.25&Prime; custom_padding=\u00a0\u00bb|||\u00a0\u00bb custom_padding__hover=\u00a0\u00bb|||\u00a0\u00bb][et_pb_button button_url=\u00a0\u00bbhttp:\/\/desinvolte-design.fr\/index.php\/collection\/\u00a0\u00bb button_text=\u00a0\u00bbRetour \u00e0 la collection\u00a0\u00bb button_alignment=\u00a0\u00bbcenter\u00a0\u00bb _builder_version=\u00a0\u00bb3.16&Prime; custom_button=\u00a0\u00bbon\u00a0\u00bb button_text_color=\u00a0\u00bb#000000&Prime; button_border_radius=\u00a0\u00bb10px\u00a0\u00bb button_letter_spacing=\u00a0\u00bb4px\u00a0\u00bb button_font=\u00a0\u00bb||||||||\u00a0\u00bb button_text_size__hover_enabled=\u00a0\u00bboff\u00a0\u00bb button_one_text_size__hover_enabled=\u00a0\u00bboff\u00a0\u00bb button_two_text_size__hover_enabled=\u00a0\u00bboff\u00a0\u00bb button_text_color__hover_enabled=\u00a0\u00bboff\u00a0\u00bb button_one_text_color__hover_enabled=\u00a0\u00bboff\u00a0\u00bb button_two_text_color__hover_enabled=\u00a0\u00bboff\u00a0\u00bb button_border_width__hover_enabled=\u00a0\u00bboff\u00a0\u00bb button_one_border_width__hover_enabled=\u00a0\u00bboff\u00a0\u00bb button_two_border_width__hover_enabled=\u00a0\u00bboff\u00a0\u00bb button_border_color__hover_enabled=\u00a0\u00bboff\u00a0\u00bb button_one_border_color__hover_enabled=\u00a0\u00bboff\u00a0\u00bb button_two_border_color__hover_enabled=\u00a0\u00bboff\u00a0\u00bb button_border_radius__hover_enabled=\u00a0\u00bboff\u00a0\u00bb button_one_border_radius__hover_enabled=\u00a0\u00bboff\u00a0\u00bb button_two_border_radius__hover_enabled=\u00a0\u00bboff\u00a0\u00bb button_letter_spacing__hover_enabled=\u00a0\u00bboff\u00a0\u00bb button_one_letter_spacing__hover_enabled=\u00a0\u00bboff\u00a0\u00bb button_two_letter_spacing__hover_enabled=\u00a0\u00bboff\u00a0\u00bb button_bg_color__hover_enabled=\u00a0\u00bboff\u00a0\u00bb button_one_bg_color__hover_enabled=\u00a0\u00bboff\u00a0\u00bb button_two_bg_color__hover_enabled=\u00a0\u00bboff\u00a0\u00bb][\/et_pb_button][\/et_pb_column][\/et_pb_row][\/et_pb_section]<\/p>\n","protected":false},"excerpt":{"rendered":"<p>[et_pb_section fb_built=\u00a0\u00bb1&Prime; admin_label=\u00a0\u00bbsection\u00a0\u00bb _builder_version=\u00a0\u00bb3.22&Prime; custom_padding=\u00a0\u00bb19px|0px|90px|0px\u00a0\u00bb][et_pb_row admin_label=\u00a0\u00bbrow\u00a0\u00bb _builder_version=\u00a0\u00bb3.25&Prime; background_size=\u00a0\u00bbinitial\u00a0\u00bb background_position=\u00a0\u00bbtop_left\u00a0\u00bb background_repeat=\u00a0\u00bbrepeat\u00a0\u00bb custom_padding=\u00a0\u00bb11px|0px|2px|0px\u00a0\u00bb][et_pb_column type=\u00a0\u00bb4_4&Prime; _builder_version=\u00a0\u00bb3.25&Prime; custom_padding=\u00a0\u00bb|||\u00a0\u00bb custom_padding__hover=\u00a0\u00bb|||\u00a0\u00bb][et_pb_text admin_label=\u00a0\u00bbText\u00a0\u00bb _builder_version=\u00a0\u00bb3.27.4&Prime; background_size=\u00a0\u00bbinitial\u00a0\u00bb background_position=\u00a0\u00bbtop_left\u00a0\u00bb background_repeat=\u00a0\u00bbrepeat\u00a0\u00bb] Katia :\u00a0Fauteuil [\/et_pb_text][\/et_pb_column][\/et_pb_row][et_pb_row _builder_version=\u00a0\u00bb3.25&Prime; custom_padding=\u00a0\u00bb11px|0px|0|0px\u00a0\u00bb][et_pb_column type=\u00a0\u00bb4_4&Prime; _builder_version=\u00a0\u00bb3.25&Prime; custom_padding=\u00a0\u00bb|||\u00a0\u00bb custom_padding__hover=\u00a0\u00bb|||\u00a0\u00bb][et_pb_divider color=\u00a0\u00bb#000000&Prime; _builder_version=\u00a0\u00bb3.2&Prime;][\/et_pb_divider][\/et_pb_column][\/et_pb_row][et_pb_row column_structure=\u00a0\u00bb1_2,1_2&Prime; _builder_version=\u00a0\u00bb3.25&Prime; custom_padding=\u00a0\u00bb27px|0px|27px|0px\u00a0\u00bb][et_pb_column type=\u00a0\u00bb1_2&Prime; _builder_version=\u00a0\u00bb3.25&Prime; custom_padding=\u00a0\u00bb|||\u00a0\u00bb custom_padding__hover=\u00a0\u00bb|||\u00a0\u00bb][et_pb_image src=\u00a0\u00bbhttp:\/\/desinvolte-design.fr\/wp-content\/uploads\/2018\/10\/fauteuil-1-1200px-72dpi.jpg\u00a0\u00bb align_tablet=\u00a0\u00bbcenter\u00a0\u00bb align_phone=\u00a0\u00bb\u00a0\u00bb align_last_edited=\u00a0\u00bbon|desktop\u00a0\u00bb _builder_version=\u00a0\u00bb3.23&Prime;][\/et_pb_image][et_pb_gallery gallery_ids=\u00a0\u00bb656,235&Prime; gallery_captions=\u00a0\u00bb,\u00a0\u00bb posts_number=\u00a0\u00bb2&Prime; show_title_and_caption=\u00a0\u00bboff\u00a0\u00bb show_pagination=\u00a0\u00bboff\u00a0\u00bb _builder_version=\u00a0\u00bb3.16.1&Prime;][\/et_pb_gallery][\/et_pb_column][et_pb_column type=\u00a0\u00bb1_2&Prime; _builder_version=\u00a0\u00bb3.25&Prime; custom_padding=\u00a0\u00bb|||\u00a0\u00bb custom_padding__hover=\u00a0\u00bb|||\u00a0\u00bb][et_pb_text _builder_version=\u00a0\u00bb3.27.4&Prime; text_font=\u00a0\u00bbDidact [&hellip;]<\/p>\n","protected":false},"author":1,"featured_media":0,"parent":0,"menu_order":0,"comment_status":"closed","ping_status":"closed","template":"","meta":{"_et_pb_use_builder":"on","_et_pb_old_content":"","_et_gb_content_width":""},"yoast_head":"<!-- This site is optimized with the Yoast SEO plugin v15.5 - https:\/\/yoast.com\/wordpress\/plugins\/seo\/ -->\n<title>Fauteuil \u00e9l\u00e9gant - Desinvolte-design<\/title>\n<meta name=\"description\" content=\"Ce fauteuil \u00e0 l\u2019\u00e9l\u00e9gante silhouette, d\u2019inspiration Art-D\u00e9co, a \u00e9t\u00e9 con\u00e7u dans un esprit de l\u00e9g\u00e8ret\u00e9.\" \/>\n<meta name=\"robots\" content=\"index, follow, max-snippet:-1, max-image-preview:large, max-video-preview:-1\" \/>\n<link rel=\"canonical\" href=\"https:\/\/desinvolte-design.fr\/index.php\/fauteuil-elegant-art-deco-leger\/\" \/>\n<meta property=\"og:locale\" content=\"fr_FR\" \/>\n<meta property=\"og:type\" content=\"article\" \/>\n<meta property=\"og:title\" content=\"Fauteuil \u00e9l\u00e9gant - Desinvolte-design\" \/>\n<meta property=\"og:description\" content=\"Ce fauteuil \u00e0 l\u2019\u00e9l\u00e9gante silhouette, d\u2019inspiration Art-D\u00e9co, a \u00e9t\u00e9 con\u00e7u dans un esprit de l\u00e9g\u00e8ret\u00e9.\" \/>\n<meta property=\"og:url\" content=\"https:\/\/desinvolte-design.fr\/index.php\/fauteuil-elegant-art-deco-leger\/\" \/>\n<meta property=\"og:site_name\" content=\"Desinvolte-design\" \/>\n<meta property=\"article:publisher\" content=\"https:\/\/www.facebook.com\/D%c3%a9sinvolte-Design-424288104686651\/\" \/>\n<meta property=\"article:modified_time\" content=\"2021-02-10T19:04:23+00:00\" \/>\n<meta name=\"twitter:card\" content=\"summary_large_image\" \/>\n<meta name=\"twitter:label1\" content=\"Dur\u00e9e de lecture est.\">\n\t<meta name=\"twitter:data1\" content=\"3 minutes\">\n<script type=\"application\/ld+json\" class=\"yoast-schema-graph\">{\"@context\":\"https:\/\/schema.org\",\"@graph\":[{\"@type\":\"Organization\",\"@id\":\"https:\/\/desinvolte-design.fr\/#organization\",\"name\":\"Desinvolte-Design\",\"url\":\"https:\/\/desinvolte-design.fr\/\",\"sameAs\":[\"https:\/\/www.facebook.com\/D\\u00e9sinvolte-Design-424288104686651\/\"],\"logo\":{\"@type\":\"ImageObject\",\"@id\":\"https:\/\/desinvolte-design.fr\/#logo\",\"inLanguage\":\"fr-FR\",\"url\":\"https:\/\/desinvolte-design.fr\/wp-content\/uploads\/2018\/04\/logo-desinvolte-dor\\u00e9.png\",\"width\":531,\"height\":79,\"caption\":\"Desinvolte-Design\"},\"image\":{\"@id\":\"https:\/\/desinvolte-design.fr\/#logo\"}},{\"@type\":\"WebSite\",\"@id\":\"https:\/\/desinvolte-design.fr\/#website\",\"url\":\"https:\/\/desinvolte-design.fr\/\",\"name\":\"Desinvolte-design\",\"description\":\"By Isabelle Lebret\",\"publisher\":{\"@id\":\"https:\/\/desinvolte-design.fr\/#organization\"},\"potentialAction\":[{\"@type\":\"SearchAction\",\"target\":\"https:\/\/desinvolte-design.fr\/?s={search_term_string}\",\"query-input\":\"required name=search_term_string\"}],\"inLanguage\":\"fr-FR\"},{\"@type\":\"WebPage\",\"@id\":\"https:\/\/desinvolte-design.fr\/index.php\/fauteuil-elegant-art-deco-leger\/#webpage\",\"url\":\"https:\/\/desinvolte-design.fr\/index.php\/fauteuil-elegant-art-deco-leger\/\",\"name\":\"Fauteuil \\u00e9l\\u00e9gant - Desinvolte-design\",\"isPartOf\":{\"@id\":\"https:\/\/desinvolte-design.fr\/#website\"},\"datePublished\":\"2018-03-29T21:37:05+00:00\",\"dateModified\":\"2021-02-10T19:04:23+00:00\",\"description\":\"Ce fauteuil \\u00e0 l\\u2019\\u00e9l\\u00e9gante silhouette, d\\u2019inspiration Art-D\\u00e9co, a \\u00e9t\\u00e9 con\\u00e7u dans un esprit de l\\u00e9g\\u00e8ret\\u00e9.\",\"inLanguage\":\"fr-FR\",\"potentialAction\":[{\"@type\":\"ReadAction\",\"target\":[\"https:\/\/desinvolte-design.fr\/index.php\/fauteuil-elegant-art-deco-leger\/\"]}]}]}<\/script>\n<!-- \/ Yoast SEO plugin. -->","_links":{"self":[{"href":"https:\/\/desinvolte-design.fr\/index.php\/wp-json\/wp\/v2\/pages\/71"}],"collection":[{"href":"https:\/\/desinvolte-design.fr\/index.php\/wp-json\/wp\/v2\/pages"}],"about":[{"href":"https:\/\/desinvolte-design.fr\/index.php\/wp-json\/wp\/v2\/types\/page"}],"author":[{"embeddable":true,"href":"https:\/\/desinvolte-design.fr\/index.php\/wp-json\/wp\/v2\/users\/1"}],"replies":[{"embeddable":true,"href":"https:\/\/desinvolte-design.fr\/index.php\/wp-json\/wp\/v2\/comments?post=71"}],"version-history":[{"count":34,"href":"https:\/\/desinvolte-design.fr\/index.php\/wp-json\/wp\/v2\/pages\/71\/revisions"}],"predecessor-version":[{"id":943,"href":"https:\/\/desinvolte-design.fr\/index.php\/wp-json\/wp\/v2\/pages\/71\/revisions\/943"}],"wp:attachment":[{"href":"https:\/\/desinvolte-design.fr\/index.php\/wp-json\/wp\/v2\/media?parent=71"}],"curies":[{"name":"wp","href":"https:\/\/api.w.org\/{rel}","templated":true}]}}