{"id":73,"date":"2018-03-29T23:37:15","date_gmt":"2018-03-29T21:37:15","guid":{"rendered":"http:\/\/desinvolte-design.fr\/?page_id=73"},"modified":"2021-02-10T19:15:23","modified_gmt":"2021-02-10T18:15:23","slug":"elegant-pouf-table","status":"publish","type":"page","link":"https:\/\/desinvolte-design.fr\/index.php\/elegant-pouf-table\/","title":{"rendered":"\u00c9legant pouf table arrondie polyalent"},"content":{"rendered":"\n\n[et_pb_section fb_built=\u00a0\u00bb1&Prime; admin_label=\u00a0\u00bbsection\u00a0\u00bb _builder_version=\u00a0\u00bb3.22&Prime; custom_padding=\u00a0\u00bb34px|0px|11px|0px\u00a0\u00bb][et_pb_row admin_label=\u00a0\u00bbrow\u00a0\u00bb _builder_version=\u00a0\u00bb3.25&Prime; background_size=\u00a0\u00bbinitial\u00a0\u00bb background_position=\u00a0\u00bbtop_left\u00a0\u00bb background_repeat=\u00a0\u00bbrepeat\u00a0\u00bb custom_padding=\u00a0\u00bb7px|0px|5px|0px\u00a0\u00bb][et_pb_column type=\u00a0\u00bb4_4&Prime; _builder_version=\u00a0\u00bb3.25&Prime; custom_padding=\u00a0\u00bb|||\u00a0\u00bb custom_padding__hover=\u00a0\u00bb|||\u00a0\u00bb][et_pb_text admin_label=\u00a0\u00bbText\u00a0\u00bb _builder_version=\u00a0\u00bb3.27.4&Prime; background_size=\u00a0\u00bbinitial\u00a0\u00bb background_position=\u00a0\u00bbtop_left\u00a0\u00bb background_repeat=\u00a0\u00bbrepeat\u00a0\u00bb]<h4 style=\"text-align: left;\"><span color=\"#000000\" style=\"color: #000000; font-size: x-large;\"><b>Ode <\/b><span style=\"font-size: medium;\">:\u00a0<\/span><\/span><span style=\"font-size: medium;\"><span color=\"#000000\" style=\"color: #000000;\">Pouf-Table grillag\u00e9<\/span><\/span><\/h4>[\/et_pb_text][\/et_pb_column][\/et_pb_row][et_pb_row _builder_version=\u00a0\u00bb3.25&Prime; custom_padding=\u00a0\u00bb7px|0px|0|0px\u00a0\u00bb][et_pb_column type=\u00a0\u00bb4_4&Prime; _builder_version=\u00a0\u00bb3.25&Prime; custom_padding=\u00a0\u00bb|||\u00a0\u00bb custom_padding__hover=\u00a0\u00bb|||\u00a0\u00bb][et_pb_divider color=\u00a0\u00bb#000000&Prime; _builder_version=\u00a0\u00bb3.2&Prime;][\/et_pb_divider][\/et_pb_column][\/et_pb_row][et_pb_row column_structure=\u00a0\u00bb1_2,1_2&Prime; _builder_version=\u00a0\u00bb3.25&Prime; custom_padding=\u00a0\u00bb0|0px|26.5781px|0px\u00a0\u00bb][et_pb_column type=\u00a0\u00bb1_2&Prime; _builder_version=\u00a0\u00bb3.25&Prime; custom_padding=\u00a0\u00bb|||\u00a0\u00bb custom_padding__hover=\u00a0\u00bb|||\u00a0\u00bb][et_pb_image src=\u00a0\u00bbhttp:\/\/desinvolte-design.fr\/wp-content\/uploads\/2019\/12\/IMG_20191114_143002-scaled.jpg\u00a0\u00bb align=\u00a0\u00bbcenter\u00a0\u00bb align_tablet=\u00a0\u00bbcenter\u00a0\u00bb align_phone=\u00a0\u00bb\u00a0\u00bb align_last_edited=\u00a0\u00bbon|desktop\u00a0\u00bb _builder_version=\u00a0\u00bb4.4.1&Prime; module_alignment=\u00a0\u00bbcenter\u00a0\u00bb][\/et_pb_image][et_pb_gallery gallery_ids=\u00a0\u00bb651,851,849,854,856,650&Prime; gallery_captions=\u00a0\u00bb,\u00a0\u00bb posts_number=\u00a0\u00bb6&Prime; show_title_and_caption=\u00a0\u00bboff\u00a0\u00bb show_pagination=\u00a0\u00bboff\u00a0\u00bb _builder_version=\u00a0\u00bb4.4.1&Prime;][\/et_pb_gallery][\/et_pb_column][et_pb_column type=\u00a0\u00bb1_2&Prime; _builder_version=\u00a0\u00bb3.25&Prime; custom_padding=\u00a0\u00bb|||\u00a0\u00bb custom_padding__hover=\u00a0\u00bb|||\u00a0\u00bb][et_pb_text _builder_version=\u00a0\u00bb3.27.4&Prime; text_font=\u00a0\u00bbDidact Gothic||||||||\u00a0\u00bb text_font_size=\u00a0\u00bb11px\u00a0\u00bb text_line_height=\u00a0\u00bb1em\u00a0\u00bb]<p><span style=\"font-size: large;\">Douceur et modernit\u00e9 pour cet <strong>\u00e9l\u00e9gant<\/strong> <strong>Pouf-table<\/strong>. <\/span><\/p>\n<p><span style=\"font-size: large;\">Sa ligne <strong>douce<\/strong>\u00a0<\/span><span style=\"font-size: large;\">et arrondie en font <\/span><span style=\"font-size: large;\">un classique polyvalent. <\/span><\/p>\n<p><span style=\"font-size: large;\">Sa base pr\u00e9sente un <strong>cadre<\/strong> <strong>rond<\/strong> en <strong>acier<\/strong> noir, d\u2019o\u00f9 s\u2019\u00e9l\u00e8vent<\/span><span>\u00a0<\/span><span style=\"font-size: large;\">des<\/span><\/p>\n<p><span style=\"font-size: large;\">parties grillag\u00e9es qui offrent une transparence et <strong>l\u00e9g\u00e8ret\u00e9<\/strong>\u00a0dans<\/span><\/p>\n<p><span style=\"font-size: large;\">son\u00a0<\/span><span style=\"font-size: large;\">ensemble.<\/span><br \/><span style=\"font-size: large;\"><\/span><\/p>\n<p><span style=\"font-size: large;\"><\/span><\/p>\n<p><span style=\"font-size: large;\">Le plateau int\u00e9rieur est en bois laqu\u00e9 (coloris divers). Celui du<\/span><\/p>\n<p><span style=\"font-size: large;\">dessus servant de table <\/span><span style=\"font-size: large;\">est en <a href=\"https:\/\/plexiglasssurmesure.fr\/quest-ce-que-le-plexiglass\/\"><strong>plexiglass<\/strong><\/a> ou en verre s\u00e9curit. <\/span><\/p>\n<p><span style=\"font-size: large;\"><\/span><\/p>\n<p><span style=\"font-size: large;\">L\u2019assise est en mousse\u00a0<\/span><span style=\"font-size: large;\">recouverte de velours, tissu ou cuir selon<\/span><\/p>\n<p><span style=\"font-size: large;\">votre choix (sur devis).<\/span><\/p>\n<p><span style=\"font-size: large;\"> <\/span><br \/><span style=\"font-size: large;\">Les <strong>sangles<\/strong> de c\u00f4t\u00e9 sont en <strong>cuir<\/strong> et permettent un d\u00e9crochage<\/span><\/p>\n<p><span style=\"font-size: large;\">rapide de l\u2019assise pour <\/span><span style=\"font-size: large;\">sa transformation en <strong>table basse<\/strong>.<\/span><\/p>\n<p><span style=\"font-size: large;\">La structure globale du buffet est en acier <strong>thermolaqu\u00e9<\/strong> avec<\/span><\/p>\n<p><span style=\"font-size: large;\">finition <strong>laiton<\/strong> <strong>bross\u00e9<\/strong>.<\/span><\/p>\n<p><span style=\"font-size: large;\"><\/span><\/p>\n<p><span style=\"font-size: large;\">Divers coloris et rev\u00eatements sont possibles (sur devis).<\/span><br \/><span style=\"font-size: large;\"><\/span><\/p>\n<p><span style=\"font-size: large;\"><\/span><\/p>\n<p><span style=\"font-size: large;\">D\u00e9clinable en version Outdoor (sur devis) et en version laiton (sur<\/span><\/p>\n<p><span style=\"font-size: large;\">devis).<\/span> <span style=\"font-size: medium;\"><strong><\/strong><\/span><\/p>\n<p><span style=\"font-size: medium;\"><strong><\/strong><\/span><\/p>\n<p><span style=\"font-size: medium;\"><strong>Dimensions : <\/strong><\/span><\/p>\n<p><span style=\"font-size: medium;\">Diam\u00e8tre : 80 cm<\/span><\/p>\n<p><span style=\"font-size: medium;\">Hauteur : 45 cm<\/span><\/p>\n<p><span style=\"font-size: medium;\"><\/span><\/p>\n<p><span style=\"font-size: medium;\"><strong>Autre dimension :<\/strong><\/span><\/p>\n<p><span style=\"font-size: medium;\">Diam\u00e8tre : 40 cm<\/span><\/p>\n<p><span style=\"font-size: medium;\">Hauteur : 45 cm<\/span><\/p>\n<p><span style=\"font-size: medium;\"><\/span><\/p>\n<p><span style=\"font-size: medium;\"><strong>Mat\u00e9riaux :<\/strong><\/span><\/p>\n<p class=\"Corps\"><span style=\"font-size: medium;\">Structure : Acier finition Laiton + grillage<\/span><o:p><\/o:p><\/p>\n<p class=\"Corps\"><span style=\"font-size: medium;\">Plateau de table : Verre s\u00e9curite<\/span><o:p><\/o:p><\/p>\n<p class=\"Corps\"><span style=\"font-size: medium;\">Plateau int\u00e9rieur bas : Bois laqu\u00e9<\/span><o:p><\/o:p><\/p>\n<p class=\"Corps\"><span style=\"font-size: medium;\">Assise : Velours<\/span><o:p><\/o:p><\/p>\n<p class=\"Corps\"><span style=\"font-size: medium;\">Pattes et sangles en cuir rivet\u00e9es<\/span><o:p><\/o:p><\/p>\n<p>&nbsp;<\/p>\n<p><span style=\"font-size: medium;\"><\/span><\/p>\n<p><span style=\"font-size: medium;\"><strong>Sur devis :<\/strong><\/span><\/p>\n<ul>\n<li><span style=\"font-size: medium;\">Inox et Laiton<\/span><br \/>\n<p><span style=\"font-size: medium;\"><\/span><\/p>\n<p><span style=\"font-size: medium;\"><\/span><\/p>\n<\/li>\n<\/ul>\n<p><span style=\"font-size: medium;\"><strong>D\u00e9lai de production :<\/strong> 6 \u00e0 8 semaines<\/span><\/p>[\/et_pb_text][\/et_pb_column][\/et_pb_row][et_pb_row _builder_version=\u00a0\u00bb3.25&Prime; custom_padding=\u00a0\u00bb7px|0px|0|0px\u00a0\u00bb][et_pb_column type=\u00a0\u00bb4_4&Prime; _builder_version=\u00a0\u00bb3.25&Prime; custom_padding=\u00a0\u00bb|||\u00a0\u00bb custom_padding__hover=\u00a0\u00bb|||\u00a0\u00bb][et_pb_divider color=\u00a0\u00bb#000000&Prime; _builder_version=\u00a0\u00bb3.2&Prime;][\/et_pb_divider][\/et_pb_column][\/et_pb_row][et_pb_row _builder_version=\u00a0\u00bb3.25&Prime; custom_padding=\u00a0\u00bb7px|0px|26.5781px|0px\u00a0\u00bb][et_pb_column type=\u00a0\u00bb4_4&Prime; _builder_version=\u00a0\u00bb3.25&Prime; custom_padding=\u00a0\u00bb|||\u00a0\u00bb custom_padding__hover=\u00a0\u00bb|||\u00a0\u00bb][et_pb_button button_url=\u00a0\u00bbhttp:\/\/desinvolte-design.fr\/index.php\/collection\/\u00a0\u00bb button_text=\u00a0\u00bbRetour \u00e0 la collection\u00a0\u00bb button_alignment=\u00a0\u00bbcenter\u00a0\u00bb _builder_version=\u00a0\u00bb3.16&Prime; custom_button=\u00a0\u00bbon\u00a0\u00bb button_text_color=\u00a0\u00bb#000000&Prime; button_border_radius=\u00a0\u00bb10px\u00a0\u00bb button_letter_spacing=\u00a0\u00bb4px\u00a0\u00bb button_font=\u00a0\u00bb||||||||\u00a0\u00bb button_text_size__hover_enabled=\u00a0\u00bboff\u00a0\u00bb button_one_text_size__hover_enabled=\u00a0\u00bboff\u00a0\u00bb button_two_text_size__hover_enabled=\u00a0\u00bboff\u00a0\u00bb button_text_color__hover_enabled=\u00a0\u00bboff\u00a0\u00bb button_one_text_color__hover_enabled=\u00a0\u00bboff\u00a0\u00bb button_two_text_color__hover_enabled=\u00a0\u00bboff\u00a0\u00bb button_border_width__hover_enabled=\u00a0\u00bboff\u00a0\u00bb button_one_border_width__hover_enabled=\u00a0\u00bboff\u00a0\u00bb button_two_border_width__hover_enabled=\u00a0\u00bboff\u00a0\u00bb button_border_color__hover_enabled=\u00a0\u00bboff\u00a0\u00bb button_one_border_color__hover_enabled=\u00a0\u00bboff\u00a0\u00bb button_two_border_color__hover_enabled=\u00a0\u00bboff\u00a0\u00bb button_border_radius__hover_enabled=\u00a0\u00bboff\u00a0\u00bb button_one_border_radius__hover_enabled=\u00a0\u00bboff\u00a0\u00bb button_two_border_radius__hover_enabled=\u00a0\u00bboff\u00a0\u00bb button_letter_spacing__hover_enabled=\u00a0\u00bboff\u00a0\u00bb button_one_letter_spacing__hover_enabled=\u00a0\u00bboff\u00a0\u00bb button_two_letter_spacing__hover_enabled=\u00a0\u00bboff\u00a0\u00bb button_bg_color__hover_enabled=\u00a0\u00bboff\u00a0\u00bb button_one_bg_color__hover_enabled=\u00a0\u00bboff\u00a0\u00bb button_two_bg_color__hover_enabled=\u00a0\u00bboff\u00a0\u00bb][\/et_pb_button][\/et_pb_column][\/et_pb_row][\/et_pb_section]\n\n","protected":false},"excerpt":{"rendered":"","protected":false},"author":1,"featured_media":0,"parent":0,"menu_order":0,"comment_status":"closed","ping_status":"closed","template":"","meta":{"_et_pb_use_builder":"on","_et_pb_old_content":"","_et_gb_content_width":""},"yoast_head":"<!-- This site is optimized with the Yoast SEO plugin v15.5 - https:\/\/yoast.com\/wordpress\/plugins\/seo\/ -->\n<title>\u00c9legant pouf table arrondie polyalent - Desinvolte-design<\/title>\n<meta name=\"description\" content=\"Douceur et modernit\u00e9 pour cet \u00e9l\u00e9gant Pouf-table. Sa ligne douce et arrondie en font un classique polyvalent.\" \/>\n<meta name=\"robots\" content=\"index, follow, max-snippet:-1, max-image-preview:large, max-video-preview:-1\" \/>\n<link rel=\"canonical\" href=\"https:\/\/desinvolte-design.fr\/index.php\/elegant-pouf-table\/\" \/>\n<meta property=\"og:locale\" content=\"fr_FR\" \/>\n<meta property=\"og:type\" content=\"article\" \/>\n<meta property=\"og:title\" content=\"\u00c9legant pouf table arrondie polyalent - Desinvolte-design\" \/>\n<meta property=\"og:description\" content=\"Douceur et modernit\u00e9 pour cet \u00e9l\u00e9gant Pouf-table. Sa ligne douce et arrondie en font un classique polyvalent.\" \/>\n<meta property=\"og:url\" content=\"https:\/\/desinvolte-design.fr\/index.php\/elegant-pouf-table\/\" \/>\n<meta property=\"og:site_name\" content=\"Desinvolte-design\" \/>\n<meta property=\"article:publisher\" content=\"https:\/\/www.facebook.com\/D%c3%a9sinvolte-Design-424288104686651\/\" \/>\n<meta property=\"article:modified_time\" content=\"2021-02-10T18:15:23+00:00\" \/>\n<meta name=\"twitter:card\" content=\"summary_large_image\" \/>\n<meta name=\"twitter:label1\" content=\"Dur\u00e9e de lecture est.\">\n\t<meta name=\"twitter:data1\" content=\"3 minutes\">\n<script type=\"application\/ld+json\" class=\"yoast-schema-graph\">{\"@context\":\"https:\/\/schema.org\",\"@graph\":[{\"@type\":\"Organization\",\"@id\":\"https:\/\/desinvolte-design.fr\/#organization\",\"name\":\"Desinvolte-Design\",\"url\":\"https:\/\/desinvolte-design.fr\/\",\"sameAs\":[\"https:\/\/www.facebook.com\/D\\u00e9sinvolte-Design-424288104686651\/\"],\"logo\":{\"@type\":\"ImageObject\",\"@id\":\"https:\/\/desinvolte-design.fr\/#logo\",\"inLanguage\":\"fr-FR\",\"url\":\"https:\/\/desinvolte-design.fr\/wp-content\/uploads\/2018\/04\/logo-desinvolte-dor\\u00e9.png\",\"width\":531,\"height\":79,\"caption\":\"Desinvolte-Design\"},\"image\":{\"@id\":\"https:\/\/desinvolte-design.fr\/#logo\"}},{\"@type\":\"WebSite\",\"@id\":\"https:\/\/desinvolte-design.fr\/#website\",\"url\":\"https:\/\/desinvolte-design.fr\/\",\"name\":\"Desinvolte-design\",\"description\":\"By Isabelle Lebret\",\"publisher\":{\"@id\":\"https:\/\/desinvolte-design.fr\/#organization\"},\"potentialAction\":[{\"@type\":\"SearchAction\",\"target\":\"https:\/\/desinvolte-design.fr\/?s={search_term_string}\",\"query-input\":\"required name=search_term_string\"}],\"inLanguage\":\"fr-FR\"},{\"@type\":\"WebPage\",\"@id\":\"https:\/\/desinvolte-design.fr\/index.php\/elegant-pouf-table\/#webpage\",\"url\":\"https:\/\/desinvolte-design.fr\/index.php\/elegant-pouf-table\/\",\"name\":\"\\u00c9legant pouf table arrondie polyalent - Desinvolte-design\",\"isPartOf\":{\"@id\":\"https:\/\/desinvolte-design.fr\/#website\"},\"datePublished\":\"2018-03-29T21:37:15+00:00\",\"dateModified\":\"2021-02-10T18:15:23+00:00\",\"description\":\"Douceur et modernit\\u00e9 pour cet \\u00e9l\\u00e9gant Pouf-table. Sa ligne douce et arrondie en font un classique polyvalent.\",\"inLanguage\":\"fr-FR\",\"potentialAction\":[{\"@type\":\"ReadAction\",\"target\":[\"https:\/\/desinvolte-design.fr\/index.php\/elegant-pouf-table\/\"]}]}]}<\/script>\n<!-- \/ Yoast SEO plugin. -->","_links":{"self":[{"href":"https:\/\/desinvolte-design.fr\/index.php\/wp-json\/wp\/v2\/pages\/73"}],"collection":[{"href":"https:\/\/desinvolte-design.fr\/index.php\/wp-json\/wp\/v2\/pages"}],"about":[{"href":"https:\/\/desinvolte-design.fr\/index.php\/wp-json\/wp\/v2\/types\/page"}],"author":[{"embeddable":true,"href":"https:\/\/desinvolte-design.fr\/index.php\/wp-json\/wp\/v2\/users\/1"}],"replies":[{"embeddable":true,"href":"https:\/\/desinvolte-design.fr\/index.php\/wp-json\/wp\/v2\/comments?post=73"}],"version-history":[{"count":34,"href":"https:\/\/desinvolte-design.fr\/index.php\/wp-json\/wp\/v2\/pages\/73\/revisions"}],"predecessor-version":[{"id":924,"href":"https:\/\/desinvolte-design.fr\/index.php\/wp-json\/wp\/v2\/pages\/73\/revisions\/924"}],"wp:attachment":[{"href":"https:\/\/desinvolte-design.fr\/index.php\/wp-json\/wp\/v2\/media?parent=73"}],"curies":[{"name":"wp","href":"https:\/\/api.w.org\/{rel}","templated":true}]}}