{"id":772,"date":"2018-12-11T13:09:29","date_gmt":"2018-12-11T12:09:29","guid":{"rendered":"http:\/\/desinvolte-design.fr\/?page_id=772"},"modified":"2018-12-12T16:17:25","modified_gmt":"2018-12-12T15:17:25","slug":"presse","status":"publish","type":"page","link":"https:\/\/desinvolte-design.fr\/index.php\/presse\/","title":{"rendered":"Presse"},"content":{"rendered":"<p>[et_pb_section fb_built=\u00a0\u00bb1&Prime; _builder_version=\u00a0\u00bb3.16.1&Prime; background_color=\u00a0\u00bb#000000&Prime;][et_pb_row _builder_version=\u00a0\u00bb3.16.1&Prime;][et_pb_column type=\u00a0\u00bb4_4&Prime; _builder_version=\u00a0\u00bb3.16.1&Prime; parallax=\u00a0\u00bboff\u00a0\u00bb parallax_method=\u00a0\u00bbon\u00a0\u00bb][et_pb_slider _builder_version=\u00a0\u00bb3.18.4&Prime;][et_pb_slide heading=\u00a0\u00bbELLE Design Ta\u00efwan\u00a0\u00bb image=\u00a0\u00bbhttp:\/\/desinvolte-design.fr\/wp-content\/uploads\/2018\/12\/s-elephant-dee-elle-taiwan-october-2018-cover.jpg\u00a0\u00bb _builder_version=\u00a0\u00bb3.18.4&Prime;]<\/p>\n<p>&nbsp;<\/p>\n<p>Isabelle Lebret\u00a0 \u00a0 \u00a0 \u7684\u4f5c\u54c1\uff0c \u5979\u4ee5\u88dd\u98fe\u85dd\u8853\u98a8\u683c\u70ba\u9748\u611f\u4f86\u6e90\uff0c\u518d\u63c9\u5408\u6b50\u6d32\u7684\u5de5\u85dd\u6280\u8853\uff0c\u5728\u770b\u4f3c\u4e00\u822c\u7684\u77ee\u684c\u4e0a\uff0c\u52a0\u4e86\u588a\u5b50\uff0c\u518d\u7d81\u76ae\u5e36\uff0c\u8b93\u5b83\u77ac\u9593\u6210\u70ba \u62db\u5f85\u670b\u53cb\u5011\u7684\u7f8e\u9e97\u5ea7\u6905\uff0c\u800c\u4e14\u88e1\u982d\u9084\u80fd\u5132\u7269\uff0c\u65e2\u5be6\u7528\u53c8\u7f8e\u9e97\u3002<\/p>\n<p>[\/et_pb_slide][et_pb_slide heading=\u00a0\u00bbELLE Design Ta\u00efwan \u00a0\u00bb image=\u00a0\u00bbhttp:\/\/desinvolte-design.fr\/wp-content\/uploads\/2018\/12\/ELLE-TAIWAN-2-2.jpg\u00a0\u00bb _builder_version=\u00a0\u00bb3.18.4&Prime;]<\/p>\n<p>&nbsp;<\/p>\n<p>\u00ab\u00a0Le travail d&rsquo;Isabelle Lebret, inspir\u00e9 du style Art d\u00e9co, est le fruit du savoir-faire europ\u00e9en. On ajoute un coussin \u00e0 la table basse ainsi que l&rsquo;attache pour en faire un si\u00e8ge id\u00e9al pour recevoir des amis.<\/p>\n<p><span>\u00c0<\/span> l&rsquo;int\u00e9rieur, il est \u00e9galement possible de stocker des objets. <span>\u00c0<\/span> la fois pratique et beau.\u00a0\u00bb<\/p>\n<p>[\/et_pb_slide][et_pb_slide heading=\u00a0\u00bbNDA Magazine\u00a0\u00bb _builder_version=\u00a0\u00bb3.18.4&Prime; image=\u00a0\u00bbhttp:\/\/desinvolte-design.fr\/wp-content\/uploads\/2018\/12\/NDA-1.jpg\u00a0\u00bb]<\/p>\n<p><em><\/em><\/p>\n<p><em>\u00ab\u00a0Isabelle Lebret exprime sa cr\u00e9ativit\u00e9 avec sa premi\u00e8re collection au style bien personnel. La fabrication est Fran\u00e7aise et Portugaise.<\/em><\/p>\n<p><em> Les mat\u00e9riaux utilis\u00e9s sont\u00a0: l\u2019acier finition laiton, le MDF avec un placage ch\u00eane et le plexiglass. Une collection haut de gamme, faite \u00e0 la main, et enti\u00e8rement personnalisable dans les coloris, rev\u00eatements et dimensions. In et Outdoor.\u00a0\u00bb<\/em><\/p>\n<p>[\/et_pb_slide][et_pb_slide heading=\u00a0\u00bbNDA Magazine\u00a0\u00bb _builder_version=\u00a0\u00bb3.18.4&Prime; image=\u00a0\u00bbhttp:\/\/desinvolte-design.fr\/wp-content\/uploads\/2018\/12\/NDA-2.jpg\u00a0\u00bb]<\/p>\n<p><em><\/em><\/p>\n<p><em>\u00ab\u00a0Isabelle Lebret exprime sa cr\u00e9ativit\u00e9 avec sa premi\u00e8re collection au style bien personnel. La fabrication est Fran\u00e7aise et Portugaise.<\/em><\/p>\n<p><em> Les mat\u00e9riaux utilis\u00e9s sont\u00a0: l\u2019acier finition laiton, le MDF avec un placage ch\u00eane et le plexiglass. Une collection haut de gamme, faite \u00e0 la main, et enti\u00e8rement personnalisable dans les coloris, rev\u00eatements et dimensions. In et Outdoor.\u00a0\u00bb<\/em><\/p>\n<p>[\/et_pb_slide][\/et_pb_slider][\/et_pb_column][\/et_pb_row][\/et_pb_section]<\/p>\n","protected":false},"excerpt":{"rendered":"<p>[et_pb_section fb_built=\u00a0\u00bb1&Prime; _builder_version=\u00a0\u00bb3.16.1&Prime; background_color=\u00a0\u00bb#000000&Prime;][et_pb_row _builder_version=\u00a0\u00bb3.16.1&Prime;][et_pb_column type=\u00a0\u00bb4_4&Prime; _builder_version=\u00a0\u00bb3.16.1&Prime; parallax=\u00a0\u00bboff\u00a0\u00bb parallax_method=\u00a0\u00bbon\u00a0\u00bb][et_pb_slider _builder_version=\u00a0\u00bb3.18.4&Prime;][et_pb_slide heading=\u00a0\u00bbELLE Design Ta\u00efwan\u00a0\u00bb image=\u00a0\u00bbhttp:\/\/desinvolte-design.fr\/wp-content\/uploads\/2018\/12\/s-elephant-dee-elle-taiwan-october-2018-cover.jpg\u00a0\u00bb _builder_version=\u00a0\u00bb3.18.4&Prime;] &nbsp; Isabelle Lebret\u00a0 \u00a0 \u00a0 \u7684\u4f5c\u54c1\uff0c \u5979\u4ee5\u88dd\u98fe\u85dd\u8853\u98a8\u683c\u70ba\u9748\u611f\u4f86\u6e90\uff0c\u518d\u63c9\u5408\u6b50\u6d32\u7684\u5de5\u85dd\u6280\u8853\uff0c\u5728\u770b\u4f3c\u4e00\u822c\u7684\u77ee\u684c\u4e0a\uff0c\u52a0\u4e86\u588a\u5b50\uff0c\u518d\u7d81\u76ae\u5e36\uff0c\u8b93\u5b83\u77ac\u9593\u6210\u70ba \u62db\u5f85\u670b\u53cb\u5011\u7684\u7f8e\u9e97\u5ea7\u6905\uff0c\u800c\u4e14\u88e1\u982d\u9084\u80fd\u5132\u7269\uff0c\u65e2\u5be6\u7528\u53c8\u7f8e\u9e97\u3002 [\/et_pb_slide][et_pb_slide heading=\u00a0\u00bbELLE Design Ta\u00efwan \u00a0\u00bb image=\u00a0\u00bbhttp:\/\/desinvolte-design.fr\/wp-content\/uploads\/2018\/12\/ELLE-TAIWAN-2-2.jpg\u00a0\u00bb _builder_version=\u00a0\u00bb3.18.4&Prime;] &nbsp; \u00ab\u00a0Le travail d&rsquo;Isabelle Lebret, inspir\u00e9 du style Art d\u00e9co, est le fruit du savoir-faire europ\u00e9en. On ajoute un coussin \u00e0 la table basse ainsi [&hellip;]<\/p>\n","protected":false},"author":1,"featured_media":0,"parent":0,"menu_order":0,"comment_status":"closed","ping_status":"closed","template":"","meta":{"_et_pb_use_builder":"on","_et_pb_old_content":"efef","_et_gb_content_width":""},"yoast_head":"<!-- This site is optimized with the Yoast SEO plugin v15.5 - https:\/\/yoast.com\/wordpress\/plugins\/seo\/ -->\n<title>Presse - Desinvolte-design<\/title>\n<meta name=\"robots\" content=\"index, follow, max-snippet:-1, max-image-preview:large, max-video-preview:-1\" \/>\n<link rel=\"canonical\" href=\"https:\/\/desinvolte-design.fr\/index.php\/presse\/\" \/>\n<meta property=\"og:locale\" content=\"fr_FR\" \/>\n<meta property=\"og:type\" content=\"article\" \/>\n<meta property=\"og:title\" content=\"Presse - Desinvolte-design\" \/>\n<meta property=\"og:description\" content=\"[et_pb_section fb_built=\u00a0\u00bb1&Prime; _builder_version=\u00a0\u00bb3.16.1&Prime; background_color=\u00a0\u00bb#000000&Prime;][et_pb_row _builder_version=\u00a0\u00bb3.16.1&Prime;][et_pb_column type=\u00a0\u00bb4_4&Prime; _builder_version=\u00a0\u00bb3.16.1&Prime; parallax=\u00a0\u00bboff\u00a0\u00bb parallax_method=\u00a0\u00bbon\u00a0\u00bb][et_pb_slider _builder_version=\u00a0\u00bb3.18.4&Prime;][et_pb_slide heading=\u00a0\u00bbELLE Design Ta\u00efwan\u00a0\u00bb image=\u00a0\u00bbhttp:\/\/desinvolte-design.fr\/wp-content\/uploads\/2018\/12\/s-elephant-dee-elle-taiwan-october-2018-cover.jpg\u00a0\u00bb _builder_version=\u00a0\u00bb3.18.4&Prime;] &nbsp; Isabelle Lebret\u00a0 \u00a0 \u00a0 \u7684\u4f5c\u54c1\uff0c \u5979\u4ee5\u88dd\u98fe\u85dd\u8853\u98a8\u683c\u70ba\u9748\u611f\u4f86\u6e90\uff0c\u518d\u63c9\u5408\u6b50\u6d32\u7684\u5de5\u85dd\u6280\u8853\uff0c\u5728\u770b\u4f3c\u4e00\u822c\u7684\u77ee\u684c\u4e0a\uff0c\u52a0\u4e86\u588a\u5b50\uff0c\u518d\u7d81\u76ae\u5e36\uff0c\u8b93\u5b83\u77ac\u9593\u6210\u70ba \u62db\u5f85\u670b\u53cb\u5011\u7684\u7f8e\u9e97\u5ea7\u6905\uff0c\u800c\u4e14\u88e1\u982d\u9084\u80fd\u5132\u7269\uff0c\u65e2\u5be6\u7528\u53c8\u7f8e\u9e97\u3002 [\/et_pb_slide][et_pb_slide heading=\u00a0\u00bbELLE Design Ta\u00efwan \u00a0\u00bb image=\u00a0\u00bbhttp:\/\/desinvolte-design.fr\/wp-content\/uploads\/2018\/12\/ELLE-TAIWAN-2-2.jpg\u00a0\u00bb _builder_version=\u00a0\u00bb3.18.4&Prime;] &nbsp; \u00ab\u00a0Le travail d&rsquo;Isabelle Lebret, inspir\u00e9 du style Art d\u00e9co, est le fruit du savoir-faire europ\u00e9en. On ajoute un coussin \u00e0 la table basse ainsi [&hellip;]\" \/>\n<meta property=\"og:url\" content=\"https:\/\/desinvolte-design.fr\/index.php\/presse\/\" \/>\n<meta property=\"og:site_name\" content=\"Desinvolte-design\" \/>\n<meta property=\"article:publisher\" content=\"https:\/\/www.facebook.com\/D%c3%a9sinvolte-Design-424288104686651\/\" \/>\n<meta property=\"article:modified_time\" content=\"2018-12-12T15:17:25+00:00\" \/>\n<meta name=\"twitter:card\" content=\"summary_large_image\" \/>\n<meta name=\"twitter:label1\" content=\"Dur\u00e9e de lecture est.\">\n\t<meta name=\"twitter:data1\" content=\"1 minute\">\n<script type=\"application\/ld+json\" class=\"yoast-schema-graph\">{\"@context\":\"https:\/\/schema.org\",\"@graph\":[{\"@type\":\"Organization\",\"@id\":\"https:\/\/desinvolte-design.fr\/#organization\",\"name\":\"Desinvolte-Design\",\"url\":\"https:\/\/desinvolte-design.fr\/\",\"sameAs\":[\"https:\/\/www.facebook.com\/D\\u00e9sinvolte-Design-424288104686651\/\"],\"logo\":{\"@type\":\"ImageObject\",\"@id\":\"https:\/\/desinvolte-design.fr\/#logo\",\"inLanguage\":\"fr-FR\",\"url\":\"https:\/\/desinvolte-design.fr\/wp-content\/uploads\/2018\/04\/logo-desinvolte-dor\\u00e9.png\",\"width\":531,\"height\":79,\"caption\":\"Desinvolte-Design\"},\"image\":{\"@id\":\"https:\/\/desinvolte-design.fr\/#logo\"}},{\"@type\":\"WebSite\",\"@id\":\"https:\/\/desinvolte-design.fr\/#website\",\"url\":\"https:\/\/desinvolte-design.fr\/\",\"name\":\"Desinvolte-design\",\"description\":\"By Isabelle Lebret\",\"publisher\":{\"@id\":\"https:\/\/desinvolte-design.fr\/#organization\"},\"potentialAction\":[{\"@type\":\"SearchAction\",\"target\":\"https:\/\/desinvolte-design.fr\/?s={search_term_string}\",\"query-input\":\"required name=search_term_string\"}],\"inLanguage\":\"fr-FR\"},{\"@type\":\"WebPage\",\"@id\":\"https:\/\/desinvolte-design.fr\/index.php\/presse\/#webpage\",\"url\":\"https:\/\/desinvolte-design.fr\/index.php\/presse\/\",\"name\":\"Presse - Desinvolte-design\",\"isPartOf\":{\"@id\":\"https:\/\/desinvolte-design.fr\/#website\"},\"datePublished\":\"2018-12-11T12:09:29+00:00\",\"dateModified\":\"2018-12-12T15:17:25+00:00\",\"inLanguage\":\"fr-FR\",\"potentialAction\":[{\"@type\":\"ReadAction\",\"target\":[\"https:\/\/desinvolte-design.fr\/index.php\/presse\/\"]}]}]}<\/script>\n<!-- \/ Yoast SEO plugin. -->","_links":{"self":[{"href":"https:\/\/desinvolte-design.fr\/index.php\/wp-json\/wp\/v2\/pages\/772"}],"collection":[{"href":"https:\/\/desinvolte-design.fr\/index.php\/wp-json\/wp\/v2\/pages"}],"about":[{"href":"https:\/\/desinvolte-design.fr\/index.php\/wp-json\/wp\/v2\/types\/page"}],"author":[{"embeddable":true,"href":"https:\/\/desinvolte-design.fr\/index.php\/wp-json\/wp\/v2\/users\/1"}],"replies":[{"embeddable":true,"href":"https:\/\/desinvolte-design.fr\/index.php\/wp-json\/wp\/v2\/comments?post=772"}],"version-history":[{"count":6,"href":"https:\/\/desinvolte-design.fr\/index.php\/wp-json\/wp\/v2\/pages\/772\/revisions"}],"predecessor-version":[{"id":790,"href":"https:\/\/desinvolte-design.fr\/index.php\/wp-json\/wp\/v2\/pages\/772\/revisions\/790"}],"wp:attachment":[{"href":"https:\/\/desinvolte-design.fr\/index.php\/wp-json\/wp\/v2\/media?parent=772"}],"curies":[{"name":"wp","href":"https:\/\/api.w.org\/{rel}","templated":true}]}}