{"id":79,"date":"2018-03-29T23:37:51","date_gmt":"2018-03-29T21:37:51","guid":{"rendered":"http:\/\/desinvolte-design.fr\/?page_id=79"},"modified":"2021-03-12T21:27:30","modified_gmt":"2021-03-12T20:27:30","slug":"buffet-rond-style-asiatique","status":"publish","type":"page","link":"https:\/\/desinvolte-design.fr\/index.php\/buffet-rond-style-asiatique\/","title":{"rendered":"Buffet"},"content":{"rendered":"<p>[et_pb_section fb_built=\u00a0\u00bb1&Prime; admin_label=\u00a0\u00bbsection\u00a0\u00bb _builder_version=\u00a0\u00bb3.22&Prime; custom_padding=\u00a0\u00bb38px|0px|17px|0px\u00a0\u00bb][et_pb_row admin_label=\u00a0\u00bbrow\u00a0\u00bb _builder_version=\u00a0\u00bb3.25&Prime; background_size=\u00a0\u00bbinitial\u00a0\u00bb background_position=\u00a0\u00bbtop_left\u00a0\u00bb background_repeat=\u00a0\u00bbrepeat\u00a0\u00bb custom_padding=\u00a0\u00bb0|0px|0|0px\u00a0\u00bb][et_pb_column type=\u00a0\u00bb4_4&Prime; _builder_version=\u00a0\u00bb3.25&Prime; custom_padding=\u00a0\u00bb|||\u00a0\u00bb custom_padding__hover=\u00a0\u00bb|||\u00a0\u00bb][et_pb_text admin_label=\u00a0\u00bbText\u00a0\u00bb _builder_version=\u00a0\u00bb3.27.4&Prime; background_size=\u00a0\u00bbinitial\u00a0\u00bb background_position=\u00a0\u00bbtop_left\u00a0\u00bb background_repeat=\u00a0\u00bbrepeat\u00a0\u00bb]<\/p>\n<h4 style=\"text-align: left;\"><span style=\"font-size: x-large; color: #000000;\"><strong> Killy <\/strong><span style=\"font-size: medium;\">:\u00a0<\/span><\/span><span style=\"font-size: medium; color: #000000;\">Buffet rond<\/span><\/h4>\n<p>[\/et_pb_text][\/et_pb_column][\/et_pb_row][et_pb_row _builder_version=\u00a0\u00bb3.25&Prime; custom_padding=\u00a0\u00bb7px|0px|0|0px\u00a0\u00bb][et_pb_column type=\u00a0\u00bb4_4&Prime; _builder_version=\u00a0\u00bb3.25&Prime; custom_padding=\u00a0\u00bb|||\u00a0\u00bb custom_padding__hover=\u00a0\u00bb|||\u00a0\u00bb][et_pb_divider color=\u00a0\u00bb#000000&Prime; _builder_version=\u00a0\u00bb3.2&Prime;][\/et_pb_divider][\/et_pb_column][\/et_pb_row][et_pb_row column_structure=\u00a0\u00bb1_2,1_2&Prime; _builder_version=\u00a0\u00bb3.25&Prime; custom_padding=\u00a0\u00bb0|0px|0|0px\u00a0\u00bb][et_pb_column type=\u00a0\u00bb1_2&Prime; _builder_version=\u00a0\u00bb3.25&Prime; custom_padding=\u00a0\u00bb|||\u00a0\u00bb custom_padding__hover=\u00a0\u00bb|||\u00a0\u00bb][et_pb_image src=\u00a0\u00bbhttp:\/\/desinvolte-design.fr\/wp-content\/uploads\/2018\/04\/buffet-portes-ouvertes.jpg\u00a0\u00bb alt=\u00a0\u00bbMeuble style asiatique\u00a0\u00bb title_text=\u00a0\u00bbMeuble style asiatique\u00a0\u00bb align_tablet=\u00a0\u00bbcenter\u00a0\u00bb align_phone=\u00a0\u00bb\u00a0\u00bb align_last_edited=\u00a0\u00bbon|desktop\u00a0\u00bb _builder_version=\u00a0\u00bb4.7.7&Prime; module_alignment=\u00a0\u00bbcenter\u00a0\u00bb][\/et_pb_image][et_pb_gallery gallery_ids=\u00a0\u00bb673,674&Prime; gallery_captions=\u00a0\u00bbSONY DSC,SONY DSC\u00a0\u00bb posts_number=\u00a0\u00bb2&Prime; show_title_and_caption=\u00a0\u00bboff\u00a0\u00bb show_pagination=\u00a0\u00bboff\u00a0\u00bb _builder_version=\u00a0\u00bb3.16.1&Prime; caption_font=\u00a0\u00bb||||||||\u00a0\u00bb caption_font_size=\u00a0\u00bb1px\u00a0\u00bb][\/et_pb_gallery][\/et_pb_column][et_pb_column type=\u00a0\u00bb1_2&Prime; _builder_version=\u00a0\u00bb3.25&Prime; custom_padding=\u00a0\u00bb|||\u00a0\u00bb custom_padding__hover=\u00a0\u00bb|||\u00a0\u00bb][et_pb_text _builder_version=\u00a0\u00bb3.27.4&Prime; text_font=\u00a0\u00bbDidact Gothic||||||||\u00a0\u00bb text_line_height=\u00a0\u00bb1em\u00a0\u00bb]<\/p>\n<p>&nbsp;<\/p>\n<p>Dans un esprit m\u00ealant<a href=\"https:\/\/www.pinterest.ca\/bousyl2\/style-asiatique\/\"> style <strong>asiatique<\/strong><\/a> art-d\u00e9co, ce <strong>buffet<\/strong> d\u2019exception a \u00e9t\u00e9 pens\u00e9 pour \u00a0qu\u2019il puisse <strong>habiller<\/strong> l\u2019espace d\u2019une pi\u00e8ce, tel une <strong>oeuvre<\/strong> <strong>d\u2019art<\/strong>.<\/p>\n<p>Sa forme <strong>douce<\/strong> par sa \u00a0<strong>rondeur<\/strong>, est recouverte de <strong>ch\u00eane<\/strong> color\u00e9.<\/p>\n<p>Ses portes majestueuses sont d\u00e9cor\u00e9es avec un motif <strong>d\u00e9coup\u00e9 au laser<\/strong> et s\u2019ouvrent de l\u2019ext\u00e9rieur vers l\u2019int\u00e9rieur pour un usage \u00a0plus pratique et non contraignant.<\/p>\n<p>Ses <strong>\u00e9tag\u00e8res<\/strong> int\u00e9rieures <strong>spacieuses<\/strong> vous permettent un <strong>rangement<\/strong> selon votre choix, <strong>vaisselier<\/strong>, <strong>biblioth\u00e8que<\/strong>, ou autre.<\/p>\n<p>Les dessus <strong>d\u2019\u00e9tag\u00e8res<\/strong> visibles lorsque les portes sont ferm\u00e9es, vous permettrons d\u2019y d\u00e9poser vos plus beaux <strong>objets<\/strong> <strong>d\u00e9coratifs<\/strong> ou <strong>vases<\/strong>.<\/p>\n<p>Le fond des <strong>\u00e9tag\u00e8res<\/strong> est r\u00e9alis\u00e9 en <strong>plexiglass<\/strong> (pmma) de votre choix.<\/p>\n<p>La structure globale du buffet est faite d\u2019acier <strong>thermolaqu\u00e9<\/strong> dans une finition laiton bross\u00e9.<\/p>\n<p><strong>D\u00e9clinable en version laiton (sur devis).<\/strong> <span style=\"font-size: medium;\"><strong><\/strong><\/span><\/p>\n<p><span style=\"font-size: medium;\"><\/span><\/p>\n<p><span style=\"font-size: medium;\"><strong>Dimensions : <\/strong><\/span><\/p>\n<p><span style=\"font-size: medium;\">Diam\u00e8tre : 175.5 cm \/ Profondeur : 50 cm<\/span><\/p>\n<p><span style=\"font-size: medium;\">Hauteur : 200 cm<\/span><\/p>\n<p><span style=\"font-size: medium;\">\u00a0<\/span><\/p>\n<p><span style=\"font-size: medium;\"><strong>Mat\u00e9riaux :<\/strong><\/span><\/p>\n<p class=\"Corps\"><span style=\"font-size: medium;\">MDF placage ch\u00eane<\/span><o:p><\/o:p><\/p>\n<p class=\"Corps\"><span style=\"font-size: medium;\">Structure pieds et portes : Acier finition laiton<\/span><o:p><\/o:p><\/p>\n<p class=\"Corps\"><span style=\"font-size: medium;\">Portes : D\u00e9coupe laser<\/span><o:p><\/o:p><\/p>\n<p class=\"Corps\"><span style=\"font-size: medium;\">Dos des \u00e9tag\u00e8res : PMMA<\/span><o:p><\/o:p><\/p>\n<p>&nbsp;<\/p>\n<p><span style=\"font-size: medium;\"><strong>Sur devis :<\/strong><\/span><\/p>\n<ul>\n<li><span style=\"font-size: medium;\">Inox et Laiton<\/span><\/li>\n<li><span style=\"font-size: medium;\">PMMA choix de coloris<\/span>\n<p><span style=\"font-size: medium;\"><\/span><\/p>\n<\/li>\n<\/ul>\n<p><span style=\"font-size: medium;\"><strong>D\u00e9lai de production :<\/strong> 8 semaines environ<\/span><\/p>\n<p>D\u00e9couvrez \u00e9galement notre\u00a0<a href=\"https:\/\/desinvolte-design.fr\/index.php\/canape\/\"><span><span color=\"#000000\">Pouf-Table grillag\u00e9<\/span><\/span><\/a><\/p>\n<p><span style=\"font-size: medium;\"><\/span><\/p>\n<p>[\/et_pb_text][\/et_pb_column][\/et_pb_row][et_pb_row _builder_version=\u00a0\u00bb3.25&Prime; custom_padding=\u00a0\u00bb27px|0px|0|0px\u00a0\u00bb][et_pb_column type=\u00a0\u00bb4_4&Prime; _builder_version=\u00a0\u00bb3.25&Prime; custom_padding=\u00a0\u00bb|||\u00a0\u00bb custom_padding__hover=\u00a0\u00bb|||\u00a0\u00bb][et_pb_divider color=\u00a0\u00bb#000000&Prime; _builder_version=\u00a0\u00bb3.2&Prime;][\/et_pb_divider][\/et_pb_column][\/et_pb_row][et_pb_row _builder_version=\u00a0\u00bb3.25&Prime;][et_pb_column type=\u00a0\u00bb4_4&Prime; _builder_version=\u00a0\u00bb3.25&Prime; custom_padding=\u00a0\u00bb|||\u00a0\u00bb custom_padding__hover=\u00a0\u00bb|||\u00a0\u00bb][et_pb_button button_url=\u00a0\u00bbhttp:\/\/desinvolte-design.fr\/index.php\/collection\/\u00a0\u00bb button_text=\u00a0\u00bbRetour \u00e0 la collection\u00a0\u00bb button_alignment=\u00a0\u00bbcenter\u00a0\u00bb _builder_version=\u00a0\u00bb3.16&Prime; custom_button=\u00a0\u00bbon\u00a0\u00bb button_text_color=\u00a0\u00bb#000000&Prime; button_border_radius=\u00a0\u00bb10px\u00a0\u00bb button_letter_spacing=\u00a0\u00bb4px\u00a0\u00bb button_font=\u00a0\u00bb||||||||\u00a0\u00bb button_text_size__hover_enabled=\u00a0\u00bboff\u00a0\u00bb button_one_text_size__hover_enabled=\u00a0\u00bboff\u00a0\u00bb button_two_text_size__hover_enabled=\u00a0\u00bboff\u00a0\u00bb button_text_color__hover_enabled=\u00a0\u00bboff\u00a0\u00bb button_one_text_color__hover_enabled=\u00a0\u00bboff\u00a0\u00bb button_two_text_color__hover_enabled=\u00a0\u00bboff\u00a0\u00bb button_border_width__hover_enabled=\u00a0\u00bboff\u00a0\u00bb button_one_border_width__hover_enabled=\u00a0\u00bboff\u00a0\u00bb button_two_border_width__hover_enabled=\u00a0\u00bboff\u00a0\u00bb button_border_color__hover_enabled=\u00a0\u00bboff\u00a0\u00bb button_one_border_color__hover_enabled=\u00a0\u00bboff\u00a0\u00bb button_two_border_color__hover_enabled=\u00a0\u00bboff\u00a0\u00bb button_border_radius__hover_enabled=\u00a0\u00bboff\u00a0\u00bb button_one_border_radius__hover_enabled=\u00a0\u00bboff\u00a0\u00bb button_two_border_radius__hover_enabled=\u00a0\u00bboff\u00a0\u00bb button_letter_spacing__hover_enabled=\u00a0\u00bboff\u00a0\u00bb button_one_letter_spacing__hover_enabled=\u00a0\u00bboff\u00a0\u00bb button_two_letter_spacing__hover_enabled=\u00a0\u00bboff\u00a0\u00bb button_bg_color__hover_enabled=\u00a0\u00bboff\u00a0\u00bb button_one_bg_color__hover_enabled=\u00a0\u00bboff\u00a0\u00bb button_two_bg_color__hover_enabled=\u00a0\u00bboff\u00a0\u00bb][\/et_pb_button][\/et_pb_column][\/et_pb_row][\/et_pb_section]<\/p>\n","protected":false},"excerpt":{"rendered":"<p>[et_pb_section fb_built=\u00a0\u00bb1&Prime; admin_label=\u00a0\u00bbsection\u00a0\u00bb _builder_version=\u00a0\u00bb3.22&Prime; custom_padding=\u00a0\u00bb38px|0px|17px|0px\u00a0\u00bb][et_pb_row admin_label=\u00a0\u00bbrow\u00a0\u00bb _builder_version=\u00a0\u00bb3.25&Prime; background_size=\u00a0\u00bbinitial\u00a0\u00bb background_position=\u00a0\u00bbtop_left\u00a0\u00bb background_repeat=\u00a0\u00bbrepeat\u00a0\u00bb custom_padding=\u00a0\u00bb0|0px|0|0px\u00a0\u00bb][et_pb_column type=\u00a0\u00bb4_4&Prime; _builder_version=\u00a0\u00bb3.25&Prime; custom_padding=\u00a0\u00bb|||\u00a0\u00bb custom_padding__hover=\u00a0\u00bb|||\u00a0\u00bb][et_pb_text admin_label=\u00a0\u00bbText\u00a0\u00bb _builder_version=\u00a0\u00bb3.27.4&Prime; background_size=\u00a0\u00bbinitial\u00a0\u00bb background_position=\u00a0\u00bbtop_left\u00a0\u00bb background_repeat=\u00a0\u00bbrepeat\u00a0\u00bb] Killy :\u00a0Buffet rond [\/et_pb_text][\/et_pb_column][\/et_pb_row][et_pb_row _builder_version=\u00a0\u00bb3.25&Prime; custom_padding=\u00a0\u00bb7px|0px|0|0px\u00a0\u00bb][et_pb_column type=\u00a0\u00bb4_4&Prime; _builder_version=\u00a0\u00bb3.25&Prime; custom_padding=\u00a0\u00bb|||\u00a0\u00bb custom_padding__hover=\u00a0\u00bb|||\u00a0\u00bb][et_pb_divider color=\u00a0\u00bb#000000&Prime; _builder_version=\u00a0\u00bb3.2&Prime;][\/et_pb_divider][\/et_pb_column][\/et_pb_row][et_pb_row column_structure=\u00a0\u00bb1_2,1_2&Prime; _builder_version=\u00a0\u00bb3.25&Prime; custom_padding=\u00a0\u00bb0|0px|0|0px\u00a0\u00bb][et_pb_column type=\u00a0\u00bb1_2&Prime; _builder_version=\u00a0\u00bb3.25&Prime; custom_padding=\u00a0\u00bb|||\u00a0\u00bb custom_padding__hover=\u00a0\u00bb|||\u00a0\u00bb][et_pb_image src=\u00a0\u00bbhttp:\/\/desinvolte-design.fr\/wp-content\/uploads\/2018\/04\/buffet-portes-ouvertes.jpg\u00a0\u00bb alt=\u00a0\u00bbMeuble style asiatique\u00a0\u00bb title_text=\u00a0\u00bbMeuble style asiatique\u00a0\u00bb align_tablet=\u00a0\u00bbcenter\u00a0\u00bb align_phone=\u00a0\u00bb\u00a0\u00bb align_last_edited=\u00a0\u00bbon|desktop\u00a0\u00bb _builder_version=\u00a0\u00bb4.7.7&Prime; module_alignment=\u00a0\u00bbcenter\u00a0\u00bb][\/et_pb_image][et_pb_gallery gallery_ids=\u00a0\u00bb673,674&Prime; gallery_captions=\u00a0\u00bbSONY DSC,SONY DSC\u00a0\u00bb [&hellip;]<\/p>\n","protected":false},"author":1,"featured_media":0,"parent":0,"menu_order":0,"comment_status":"closed","ping_status":"closed","template":"","meta":{"_et_pb_use_builder":"on","_et_pb_old_content":"","_et_gb_content_width":""},"yoast_head":"<!-- This site is optimized with the Yoast SEO plugin v15.5 - https:\/\/yoast.com\/wordpress\/plugins\/seo\/ -->\n<title>Buffet rond style asiatique d\u00e9coup\u00e9 au laser - Desinvolte-design<\/title>\n<meta name=\"description\" content=\"Dans un esprit m\u00ealant style asiatique art-d\u00e9co, ce buffet rond d\u2019exception style asiatique d\u00e9coup\u00e9 au laser a \u00e9t\u00e9 pens\u00e9 pour \u00a0qu\u2019il puisse habiller l\u2019espace d\u2019une pi\u00e8ce, tel une oeuvre d\u2019art.\" \/>\n<meta name=\"robots\" content=\"index, follow, max-snippet:-1, max-image-preview:large, max-video-preview:-1\" \/>\n<link rel=\"canonical\" href=\"https:\/\/desinvolte-design.fr\/index.php\/buffet-rond-style-asiatique\/\" \/>\n<meta property=\"og:locale\" content=\"fr_FR\" \/>\n<meta property=\"og:type\" content=\"article\" \/>\n<meta property=\"og:title\" content=\"Buffet rond style asiatique d\u00e9coup\u00e9 au laser\" \/>\n<meta property=\"og:description\" content=\"Dans un esprit m\u00ealant style asiatique art-d\u00e9co, ce buffet d\u2019exception a \u00e9t\u00e9 pens\u00e9 pour \u00a0qu\u2019il puisse habiller l\u2019espace d\u2019une pi\u00e8ce, tel une oeuvre d\u2019art.\" \/>\n<meta property=\"og:url\" content=\"https:\/\/desinvolte-design.fr\/index.php\/buffet-rond-style-asiatique\/\" \/>\n<meta property=\"og:site_name\" content=\"Desinvolte-design\" \/>\n<meta property=\"article:publisher\" content=\"https:\/\/www.facebook.com\/D%c3%a9sinvolte-Design-424288104686651\/\" \/>\n<meta property=\"article:modified_time\" content=\"2021-03-12T20:27:30+00:00\" \/>\n<meta property=\"og:image\" content=\"https:\/\/desinvolte-design.fr\/wp-content\/uploads\/2018\/10\/Buffet-1-1200px-72dpi.jpg\" \/>\n\t<meta property=\"og:image:width\" content=\"1200\" \/>\n\t<meta property=\"og:image:height\" content=\"900\" \/>\n<meta name=\"twitter:card\" content=\"summary_large_image\" \/>\n<meta name=\"twitter:label1\" content=\"Dur\u00e9e de lecture est.\">\n\t<meta name=\"twitter:data1\" content=\"3 minutes\">\n<script type=\"application\/ld+json\" class=\"yoast-schema-graph\">{\"@context\":\"https:\/\/schema.org\",\"@graph\":[{\"@type\":\"Organization\",\"@id\":\"https:\/\/desinvolte-design.fr\/#organization\",\"name\":\"Desinvolte-Design\",\"url\":\"https:\/\/desinvolte-design.fr\/\",\"sameAs\":[\"https:\/\/www.facebook.com\/D\\u00e9sinvolte-Design-424288104686651\/\"],\"logo\":{\"@type\":\"ImageObject\",\"@id\":\"https:\/\/desinvolte-design.fr\/#logo\",\"inLanguage\":\"fr-FR\",\"url\":\"https:\/\/desinvolte-design.fr\/wp-content\/uploads\/2018\/04\/logo-desinvolte-dor\\u00e9.png\",\"width\":531,\"height\":79,\"caption\":\"Desinvolte-Design\"},\"image\":{\"@id\":\"https:\/\/desinvolte-design.fr\/#logo\"}},{\"@type\":\"WebSite\",\"@id\":\"https:\/\/desinvolte-design.fr\/#website\",\"url\":\"https:\/\/desinvolte-design.fr\/\",\"name\":\"Desinvolte-design\",\"description\":\"By Isabelle Lebret\",\"publisher\":{\"@id\":\"https:\/\/desinvolte-design.fr\/#organization\"},\"potentialAction\":[{\"@type\":\"SearchAction\",\"target\":\"https:\/\/desinvolte-design.fr\/?s={search_term_string}\",\"query-input\":\"required name=search_term_string\"}],\"inLanguage\":\"fr-FR\"},{\"@type\":\"WebPage\",\"@id\":\"https:\/\/desinvolte-design.fr\/index.php\/buffet-rond-style-asiatique\/#webpage\",\"url\":\"https:\/\/desinvolte-design.fr\/index.php\/buffet-rond-style-asiatique\/\",\"name\":\"Buffet rond style asiatique d\\u00e9coup\\u00e9 au laser - Desinvolte-design\",\"isPartOf\":{\"@id\":\"https:\/\/desinvolte-design.fr\/#website\"},\"datePublished\":\"2018-03-29T21:37:51+00:00\",\"dateModified\":\"2021-03-12T20:27:30+00:00\",\"description\":\"Dans un esprit m\\u00ealant style asiatique art-d\\u00e9co, ce buffet rond d\\u2019exception style asiatique d\\u00e9coup\\u00e9 au laser a \\u00e9t\\u00e9 pens\\u00e9 pour \\u00a0qu\\u2019il puisse habiller l\\u2019espace d\\u2019une pi\\u00e8ce, tel une oeuvre d\\u2019art.\",\"inLanguage\":\"fr-FR\",\"potentialAction\":[{\"@type\":\"ReadAction\",\"target\":[\"https:\/\/desinvolte-design.fr\/index.php\/buffet-rond-style-asiatique\/\"]}]}]}<\/script>\n<!-- \/ Yoast SEO plugin. -->","_links":{"self":[{"href":"https:\/\/desinvolte-design.fr\/index.php\/wp-json\/wp\/v2\/pages\/79"}],"collection":[{"href":"https:\/\/desinvolte-design.fr\/index.php\/wp-json\/wp\/v2\/pages"}],"about":[{"href":"https:\/\/desinvolte-design.fr\/index.php\/wp-json\/wp\/v2\/types\/page"}],"author":[{"embeddable":true,"href":"https:\/\/desinvolte-design.fr\/index.php\/wp-json\/wp\/v2\/users\/1"}],"replies":[{"embeddable":true,"href":"https:\/\/desinvolte-design.fr\/index.php\/wp-json\/wp\/v2\/comments?post=79"}],"version-history":[{"count":35,"href":"https:\/\/desinvolte-design.fr\/index.php\/wp-json\/wp\/v2\/pages\/79\/revisions"}],"predecessor-version":[{"id":946,"href":"https:\/\/desinvolte-design.fr\/index.php\/wp-json\/wp\/v2\/pages\/79\/revisions\/946"}],"wp:attachment":[{"href":"https:\/\/desinvolte-design.fr\/index.php\/wp-json\/wp\/v2\/media?parent=79"}],"curies":[{"name":"wp","href":"https:\/\/api.w.org\/{rel}","templated":true}]}}