{"id":809,"date":"2018-12-12T17:29:04","date_gmt":"2018-12-12T16:29:04","guid":{"rendered":"http:\/\/desinvolte-design.fr\/?page_id=809"},"modified":"2021-02-10T18:52:35","modified_gmt":"2021-02-10T17:52:35","slug":"canape-design","status":"publish","type":"page","link":"https:\/\/desinvolte-design.fr\/index.php\/canape-design\/","title":{"rendered":"Canap\u00e9"},"content":{"rendered":"\n[et_pb_section fb_built=\u00a0\u00bb1&Prime; admin_label=\u00a0\u00bbsection\u00a0\u00bb _builder_version=\u00a0\u00bb3.22&Prime; custom_padding=\u00a0\u00bb43px|0px|14px|0px\u00a0\u00bb][et_pb_row admin_label=\u00a0\u00bbrow\u00a0\u00bb _builder_version=\u00a0\u00bb3.25&Prime; background_size=\u00a0\u00bbinitial\u00a0\u00bb background_position=\u00a0\u00bbtop_left\u00a0\u00bb background_repeat=\u00a0\u00bbrepeat\u00a0\u00bb custom_padding=\u00a0\u00bb0|0px|0|0px\u00a0\u00bb][et_pb_column type=\u00a0\u00bb4_4&Prime; _builder_version=\u00a0\u00bb3.25&Prime; custom_padding=\u00a0\u00bb|||\u00a0\u00bb custom_padding__hover=\u00a0\u00bb|||\u00a0\u00bb][et_pb_text admin_label=\u00a0\u00bbText\u00a0\u00bb _builder_version=\u00a0\u00bb3.27.4&Prime; background_size=\u00a0\u00bbinitial\u00a0\u00bb background_position=\u00a0\u00bbtop_left\u00a0\u00bb background_repeat=\u00a0\u00bbrepeat\u00a0\u00bb]<p style=\"text-align: left;\"><span style=\"font-size: x-large;\"><strong><span style=\"color: #000000;\">Canap\u00e9 <span style=\"font-size: large;\">:<\/span> <\/span><\/strong><span style=\"color: #000000; font-size: large;\">Sherry<\/span><\/span><\/p>[\/et_pb_text][\/et_pb_column][\/et_pb_row][et_pb_row _builder_version=\u00a0\u00bb3.25&Prime; custom_padding=\u00a0\u00bb9px|0px|0|0px\u00a0\u00bb][et_pb_column type=\u00a0\u00bb4_4&Prime; _builder_version=\u00a0\u00bb3.25&Prime; custom_padding=\u00a0\u00bb|||\u00a0\u00bb custom_padding__hover=\u00a0\u00bb|||\u00a0\u00bb][et_pb_divider color=\u00a0\u00bb#000000&Prime; _builder_version=\u00a0\u00bb3.2&Prime;][\/et_pb_divider][\/et_pb_column][\/et_pb_row][et_pb_row column_structure=\u00a0\u00bb1_2,1_2&Prime; _builder_version=\u00a0\u00bb3.25&Prime; module_alignment=\u00a0\u00bbcenter\u00a0\u00bb custom_padding=\u00a0\u00bb27px|0px|17px|0px\u00a0\u00bb][et_pb_column type=\u00a0\u00bb1_2&Prime; _builder_version=\u00a0\u00bb3.25&Prime; custom_padding=\u00a0\u00bb|||\u00a0\u00bb custom_padding__hover=\u00a0\u00bb|||\u00a0\u00bb][et_pb_image src=\u00a0\u00bbhttp:\/\/desinvolte-design.fr\/wp-content\/uploads\/2018\/12\/Sofa-3.jpeg\u00a0\u00bb align=\u00a0\u00bbcenter\u00a0\u00bb align_tablet=\u00a0\u00bbcenter\u00a0\u00bb align_phone=\u00a0\u00bb\u00a0\u00bb align_last_edited=\u00a0\u00bbon|desktop\u00a0\u00bb _builder_version=\u00a0\u00bb3.23&Prime;][\/et_pb_image][et_pb_gallery gallery_ids=\u00a0\u00bb826,829&Prime; gallery_captions=\u00a0\u00bb,SONY DSC\u00a0\u00bb posts_number=\u00a0\u00bb3&Prime; show_title_and_caption=\u00a0\u00bboff\u00a0\u00bb show_pagination=\u00a0\u00bboff\u00a0\u00bb _builder_version=\u00a0\u00bb3.18.4&Prime; max_width=\u00a0\u00bb65%\u00a0\u00bb custom_margin=\u00a0\u00bb|||20px\u00a0\u00bb custom_padding=\u00a0\u00bb|||\u00a0\u00bb][\/et_pb_gallery][et_pb_image align_tablet=\u00a0\u00bbcenter\u00a0\u00bb align_phone=\u00a0\u00bb\u00a0\u00bb align_last_edited=\u00a0\u00bbon|desktop\u00a0\u00bb _builder_version=\u00a0\u00bb3.23&Prime;][\/et_pb_image][\/et_pb_column][et_pb_column type=\u00a0\u00bb1_2&Prime; _builder_version=\u00a0\u00bb3.25&Prime; custom_padding=\u00a0\u00bb|||\u00a0\u00bb custom_padding__hover=\u00a0\u00bb|||\u00a0\u00bb][et_pb_text _builder_version=\u00a0\u00bb3.27.4&Prime; text_font=\u00a0\u00bbDidact Gothic||||||||\u00a0\u00bb text_font_size=\u00a0\u00bb9px\u00a0\u00bb text_line_height=\u00a0\u00bb1.2em\u00a0\u00bb header_font=\u00a0\u00bb||||||||\u00a0\u00bb header_2_font=\u00a0\u00bb||||||||\u00a0\u00bb header_3_font=\u00a0\u00bb||||||||\u00a0\u00bb]<p><span style=\"font-size: medium;\">La silhouette <strong>\u00e9l\u00e9gante<\/strong> et \u00e9pur\u00e9e de ce <strong>canap\u00e9<\/strong> <strong>design<\/strong>, dont les formes courbes <\/span><span style=\"font-size: medium;\">\u00e9pousent le dossier et une partie du <strong>socle<\/strong>, a \u00e9t\u00e9 con\u00e7ue dans un esprit de l\u00e9g\u00e8ret\u00e9, <\/span><span style=\"font-size: medium;\">comme <strong>suspendu<\/strong> dans l\u2019espace. <\/span><\/p>\n<p><span style=\"font-size: medium;\">Sa structure est en acier <a href=\"http:\/\/www.societe-application-plastique.com\/articles\/quest-ce-que-le-thermolaquage\"><strong>thermolaqu\u00e9<\/strong><\/a> avec une fi<\/span><span style=\"font-size: medium;\">nition <strong>laiton<\/strong> <strong>bross\u00e9<\/strong>. <\/span><\/p>\n<p><span style=\"font-size: medium;\">Son rev\u00eatement en <strong>tissu<\/strong> ou <strong>velours<\/strong>, peut \u00eatre d\u00e9clinable en <strong>cuir <\/strong><\/span><span style=\"font-size: medium;\">(sur devis). <\/span><\/p>\n<p><span style=\"font-size: medium;\">Une partie du socle est en acier inoxydable noir. <\/span><\/p>\n<p><span style=\"font-size: medium;\">Ce <strong>canap\u00e9<\/strong> est d\u00e9clinable <\/span><span style=\"font-size: medium;\">en deux versions, 2\/3 places et 3\/4 places, \u00e9gale<\/span><span style=\"font-size: medium;\">ment en version outdoor.<\/span> <span style=\"font-size: medium;\"><strong><\/strong><\/span><\/p>\n<p>&nbsp;<\/p>\n<p><span style=\"font-size: medium;\"><strong>Dimensions : <\/strong><\/span><\/p>\n<p><span style=\"font-size: medium;\"><strong>2\/3 places :<\/strong> Longueur : 200 cm \/ Profondeur : 90 cm<\/span><\/p>\n<p><span style=\"font-size: medium;\">Hauteur : 90 cm\u00a0<\/span><\/p>\n<p><span style=\"font-size: medium;\"><strong>3\/4 places :<\/strong> Longueur : 250 cm \/ Profondeur : 90cm<\/span><\/p>\n<p><span style=\"font-size: medium;\">Hauteur : 90 cm<\/span><\/p>\n<p><span style=\"font-size: medium;\"><\/span><\/p>\n<p><span style=\"font-size: medium;\"><\/span><\/p>\n<p><span style=\"font-size: medium;\"><strong>Mat\u00e9riaux :<\/strong><\/span><\/p>\n<p><span style=\"font-size: medium;\">Structure : Acier finition laiton bross\u00e9<\/span><\/p>\n<p><span style=\"font-size: medium;\">Coussin assise : mousse \u00e0 densit\u00e9 30kg m3 <\/span><\/p>\n<p><span style=\"font-size: medium;\">Pi\u00e8tement : Acier noir<\/span><\/p>\n<p class=\"Corps\"><span><\/span><\/p>\n<p><span style=\"font-size: medium;\"><\/span><\/p>\n<p><span style=\"font-size: medium;\"><strong>Sur devis :<\/strong><\/span><\/p>\n<ul>\n<li><span style=\"font-size: medium;\">Inox et Laiton<\/span><\/li>\n<\/ul>\n<p><span style=\"font-size: medium;\"><\/span><span style=\"font-size: medium;\"><\/span><\/p>\n<p><span style=\"font-size: medium;\"><strong>D\u00e9lai de production :<\/strong> 6 \u00e0 8 semaines<\/span><\/p>[\/et_pb_text][\/et_pb_column][\/et_pb_row][et_pb_row _builder_version=\u00a0\u00bb3.25&Prime; custom_padding=\u00a0\u00bb6px|0px|0|0px\u00a0\u00bb][et_pb_column type=\u00a0\u00bb4_4&Prime; _builder_version=\u00a0\u00bb3.25&Prime; custom_padding=\u00a0\u00bb|||\u00a0\u00bb custom_padding__hover=\u00a0\u00bb|||\u00a0\u00bb][et_pb_button button_url=\u00a0\u00bbhttp:\/\/desinvolte-design.fr\/index.php\/collection\/\u00a0\u00bb button_text=\u00a0\u00bbRetour \u00e0 la collection\u00a0\u00bb button_alignment=\u00a0\u00bbcenter\u00a0\u00bb _builder_version=\u00a0\u00bb3.16&Prime; custom_button=\u00a0\u00bbon\u00a0\u00bb button_text_color=\u00a0\u00bb#000000&Prime; button_border_width=\u00a0\u00bb2px\u00a0\u00bb button_border_radius=\u00a0\u00bb10px\u00a0\u00bb button_letter_spacing=\u00a0\u00bb3px\u00a0\u00bb button_font=\u00a0\u00bb||||||||\u00a0\u00bb button_text_size__hover_enabled=\u00a0\u00bboff\u00a0\u00bb button_one_text_size__hover_enabled=\u00a0\u00bboff\u00a0\u00bb button_two_text_size__hover_enabled=\u00a0\u00bboff\u00a0\u00bb button_text_color__hover_enabled=\u00a0\u00bboff\u00a0\u00bb button_one_text_color__hover_enabled=\u00a0\u00bboff\u00a0\u00bb button_two_text_color__hover_enabled=\u00a0\u00bboff\u00a0\u00bb button_border_width__hover_enabled=\u00a0\u00bboff\u00a0\u00bb button_one_border_width__hover_enabled=\u00a0\u00bboff\u00a0\u00bb button_two_border_width__hover_enabled=\u00a0\u00bboff\u00a0\u00bb button_border_color__hover_enabled=\u00a0\u00bboff\u00a0\u00bb button_one_border_color__hover_enabled=\u00a0\u00bboff\u00a0\u00bb button_two_border_color__hover_enabled=\u00a0\u00bboff\u00a0\u00bb button_border_radius__hover_enabled=\u00a0\u00bboff\u00a0\u00bb button_one_border_radius__hover_enabled=\u00a0\u00bboff\u00a0\u00bb button_two_border_radius__hover_enabled=\u00a0\u00bboff\u00a0\u00bb button_letter_spacing__hover_enabled=\u00a0\u00bboff\u00a0\u00bb button_one_letter_spacing__hover_enabled=\u00a0\u00bboff\u00a0\u00bb button_two_letter_spacing__hover_enabled=\u00a0\u00bboff\u00a0\u00bb button_bg_color__hover_enabled=\u00a0\u00bboff\u00a0\u00bb button_one_bg_color__hover_enabled=\u00a0\u00bboff\u00a0\u00bb button_two_bg_color__hover_enabled=\u00a0\u00bboff\u00a0\u00bb][\/et_pb_button][\/et_pb_column][\/et_pb_row][et_pb_row _builder_version=\u00a0\u00bb3.25&Prime; custom_padding=\u00a0\u00bb0|0px|0|0px\u00a0\u00bb][et_pb_column type=\u00a0\u00bb4_4&Prime; _builder_version=\u00a0\u00bb3.25&Prime; custom_padding=\u00a0\u00bb|||\u00a0\u00bb custom_padding__hover=\u00a0\u00bb|||\u00a0\u00bb][et_pb_text _builder_version=\u00a0\u00bb3.27.4&Prime; inline_fonts=\u00a0\u00bbDidact Gothic\u00a0\u00bb][\/et_pb_text][\/et_pb_column][\/et_pb_row][\/et_pb_section]\n","protected":false},"excerpt":{"rendered":"","protected":false},"author":1,"featured_media":0,"parent":0,"menu_order":0,"comment_status":"closed","ping_status":"closed","template":"","meta":{"_et_pb_use_builder":"on","_et_pb_old_content":"","_et_gb_content_width":""},"yoast_head":"<!-- This site is optimized with the Yoast SEO plugin v15.5 - https:\/\/yoast.com\/wordpress\/plugins\/seo\/ -->\n<title>Canap\u00e9 design \u00e9l\u00e9gant et \u00e9pur\u00e9 - Desinvolte-design<\/title>\n<meta name=\"description\" content=\"La silhouette \u00e9l\u00e9gante et \u00e9pur\u00e9e de ce canap\u00e9 design, dont les formes courbes \u00e9pousent le dossier et une partie du socle, a \u00e9t\u00e9 con\u00e7ue dans un esprit de l\u00e9g\u00e8ret\u00e9, comme suspendu dans l\u2019espace.\" \/>\n<meta name=\"robots\" content=\"index, follow, max-snippet:-1, max-image-preview:large, max-video-preview:-1\" \/>\n<link rel=\"canonical\" href=\"https:\/\/desinvolte-design.fr\/index.php\/canape-design\/\" \/>\n<meta property=\"og:locale\" content=\"fr_FR\" \/>\n<meta property=\"og:type\" content=\"article\" \/>\n<meta property=\"og:title\" content=\"Canap\u00e9 design \u00e9l\u00e9gant et \u00e9pur\u00e9 - Desinvolte-design\" \/>\n<meta property=\"og:description\" content=\"La silhouette \u00e9l\u00e9gante et \u00e9pur\u00e9e de ce canap\u00e9 design, dont les formes courbes \u00e9pousent le dossier et une partie du socle, a \u00e9t\u00e9 con\u00e7ue dans un esprit de l\u00e9g\u00e8ret\u00e9, comme suspendu dans l\u2019espace.\" \/>\n<meta property=\"og:url\" content=\"https:\/\/desinvolte-design.fr\/index.php\/canape-design\/\" \/>\n<meta property=\"og:site_name\" content=\"Desinvolte-design\" \/>\n<meta property=\"article:publisher\" content=\"https:\/\/www.facebook.com\/D%c3%a9sinvolte-Design-424288104686651\/\" \/>\n<meta property=\"article:modified_time\" content=\"2021-02-10T17:52:35+00:00\" \/>\n<meta name=\"twitter:card\" content=\"summary_large_image\" \/>\n<meta name=\"twitter:label1\" content=\"Dur\u00e9e de lecture est.\">\n\t<meta name=\"twitter:data1\" content=\"3 minutes\">\n<script type=\"application\/ld+json\" class=\"yoast-schema-graph\">{\"@context\":\"https:\/\/schema.org\",\"@graph\":[{\"@type\":\"Organization\",\"@id\":\"https:\/\/desinvolte-design.fr\/#organization\",\"name\":\"Desinvolte-Design\",\"url\":\"https:\/\/desinvolte-design.fr\/\",\"sameAs\":[\"https:\/\/www.facebook.com\/D\\u00e9sinvolte-Design-424288104686651\/\"],\"logo\":{\"@type\":\"ImageObject\",\"@id\":\"https:\/\/desinvolte-design.fr\/#logo\",\"inLanguage\":\"fr-FR\",\"url\":\"https:\/\/desinvolte-design.fr\/wp-content\/uploads\/2018\/04\/logo-desinvolte-dor\\u00e9.png\",\"width\":531,\"height\":79,\"caption\":\"Desinvolte-Design\"},\"image\":{\"@id\":\"https:\/\/desinvolte-design.fr\/#logo\"}},{\"@type\":\"WebSite\",\"@id\":\"https:\/\/desinvolte-design.fr\/#website\",\"url\":\"https:\/\/desinvolte-design.fr\/\",\"name\":\"Desinvolte-design\",\"description\":\"By Isabelle Lebret\",\"publisher\":{\"@id\":\"https:\/\/desinvolte-design.fr\/#organization\"},\"potentialAction\":[{\"@type\":\"SearchAction\",\"target\":\"https:\/\/desinvolte-design.fr\/?s={search_term_string}\",\"query-input\":\"required name=search_term_string\"}],\"inLanguage\":\"fr-FR\"},{\"@type\":\"WebPage\",\"@id\":\"https:\/\/desinvolte-design.fr\/index.php\/canape-design\/#webpage\",\"url\":\"https:\/\/desinvolte-design.fr\/index.php\/canape-design\/\",\"name\":\"Canap\\u00e9 design \\u00e9l\\u00e9gant et \\u00e9pur\\u00e9 - Desinvolte-design\",\"isPartOf\":{\"@id\":\"https:\/\/desinvolte-design.fr\/#website\"},\"datePublished\":\"2018-12-12T16:29:04+00:00\",\"dateModified\":\"2021-02-10T17:52:35+00:00\",\"description\":\"La silhouette \\u00e9l\\u00e9gante et \\u00e9pur\\u00e9e de ce canap\\u00e9 design, dont les formes courbes \\u00e9pousent le dossier et une partie du socle, a \\u00e9t\\u00e9 con\\u00e7ue dans un esprit de l\\u00e9g\\u00e8ret\\u00e9, comme suspendu dans l\\u2019espace.\",\"inLanguage\":\"fr-FR\",\"potentialAction\":[{\"@type\":\"ReadAction\",\"target\":[\"https:\/\/desinvolte-design.fr\/index.php\/canape-design\/\"]}]}]}<\/script>\n<!-- \/ Yoast SEO plugin. -->","_links":{"self":[{"href":"https:\/\/desinvolte-design.fr\/index.php\/wp-json\/wp\/v2\/pages\/809"}],"collection":[{"href":"https:\/\/desinvolte-design.fr\/index.php\/wp-json\/wp\/v2\/pages"}],"about":[{"href":"https:\/\/desinvolte-design.fr\/index.php\/wp-json\/wp\/v2\/types\/page"}],"author":[{"embeddable":true,"href":"https:\/\/desinvolte-design.fr\/index.php\/wp-json\/wp\/v2\/users\/1"}],"replies":[{"embeddable":true,"href":"https:\/\/desinvolte-design.fr\/index.php\/wp-json\/wp\/v2\/comments?post=809"}],"version-history":[{"count":14,"href":"https:\/\/desinvolte-design.fr\/index.php\/wp-json\/wp\/v2\/pages\/809\/revisions"}],"predecessor-version":[{"id":916,"href":"https:\/\/desinvolte-design.fr\/index.php\/wp-json\/wp\/v2\/pages\/809\/revisions\/916"}],"wp:attachment":[{"href":"https:\/\/desinvolte-design.fr\/index.php\/wp-json\/wp\/v2\/media?parent=809"}],"curies":[{"name":"wp","href":"https:\/\/api.w.org\/{rel}","templated":true}]}}